{"id":131,"date":"2013-02-24T16:46:10","date_gmt":"2013-02-24T15:46:10","guid":{"rendered":"http:\/\/blog.4teachers.de\/didacta2013\/?page_id=131"},"modified":"2017-01-07T17:13:14","modified_gmt":"2017-01-07T16:13:14","slug":"stuttgart-2014","status":"publish","type":"page","link":"http:\/\/blog4schools.de\/didacta\/stuttgart-2014\/","title":{"rendered":"Stuttgart 2014"},"content":{"rendered":"<p style=\"text-align: center;\"><img loading=\"lazy\" decoding=\"async\" class=\"alignnone size-full wp-image-134\" src=\"http:\/\/blog4schools.de\/didacta\/wp-content\/uploads\/sites\/9\/2013\/02\/2360103.jpeg\" alt=\"did08_4c_mit HG\" width=\"150\" height=\"107\" \/><\/p>\n<p style=\"text-align: center;\"><span style=\"color: #003366;\"><strong><em>Es ist wieder soweit. Vom 25 .M\u00e4rz 2014 bis 29. M\u00e4rz 2014 findet die didacta in Stuttgart statt. Auch wenn sie in diesem Jahr recht sp\u00e4t stattfindet, so m\u00f6chten wir euch recht herzlich zu unserem Stand in Halle 1, Stand G88 einladen. Wie in den letzten Jahren auch, bleiben wir unserem nicht kommerziellen Standkonzept treu und konzentrieren uns auf liebevolle Beratung, kostenlose Hei\u00dfgetr\u00e4nke und nette Gespr\u00e4che in gediegener Atmosph\u00e4re. Bez\u00fcglich der Atmosph\u00e4re haben wir uns in diesem Jahr etwas ganz Besonderes einfallen lassen, mehr wird noch nicht verraten.<\/em><\/strong><\/span><\/p>\n<p style=\"text-align: center;\">\n<p style=\"text-align: center;\"><span style=\"color: #003366;\"><strong><em>Und so sieht in diesem Jahr unser 4teachers.de Stand aus. Entspannte Gartenatmosph\u00e4re verf\u00fchrt zu tollem Bildungsaustausch in dem mobilen Zeitalter.<\/em><\/strong><\/span><\/p>\n<p><span style=\"color: #003366;\"><strong><em><a href=\"http:\/\/blog4schools.de\/didacta\/wp-content\/uploads\/sites\/9\/2013\/02\/image.jpg\"><img loading=\"lazy\" decoding=\"async\" class=\"alignnone size-thumbnail wp-image-168\" src=\"http:\/\/blog4schools.de\/didacta\/wp-content\/uploads\/sites\/9\/2013\/02\/image-150x150.jpg\" alt=\"Didacta2014\" width=\"150\" height=\"150\" \/><\/a> <a href=\"http:\/\/blog4schools.de\/didacta\/wp-content\/uploads\/sites\/9\/2014\/03\/image.jpg\"><img loading=\"lazy\" decoding=\"async\" class=\"alignnone size-thumbnail wp-image-175\" src=\"http:\/\/blog4schools.de\/didacta\/wp-content\/uploads\/sites\/9\/2014\/03\/image-150x150.jpg\" alt=\"ididacta2\" width=\"150\" height=\"150\" \/><\/a> <a href=\"http:\/\/blog4schools.de\/didacta\/wp-content\/uploads\/sites\/9\/2014\/03\/image1.jpg\"><img loading=\"lazy\" decoding=\"async\" class=\"alignnone size-thumbnail wp-image-181\" src=\"http:\/\/blog4schools.de\/didacta\/wp-content\/uploads\/sites\/9\/2014\/03\/image1-150x150.jpg\" alt=\"ididacta3\" width=\"150\" height=\"150\" \/><\/a><\/em><\/strong><\/span><\/p>\n<p style=\"text-align: center;\">\n","protected":false},"excerpt":{"rendered":"<p>Es ist wieder soweit. Vom 25 .M\u00e4rz 2014 bis 29. M\u00e4rz 2014 findet die didacta in Stuttgart statt. Auch wenn sie in diesem Jahr recht sp\u00e4t stattfindet, so m\u00f6chten wir euch recht herzlich zu unserem Stand in Halle 1, Stand&hellip; <a href=\"http:\/\/blog4schools.de\/didacta\/stuttgart-2014\/\" class=\"more-link\">Weiterlesen <span class=\"meta-nav\">&rarr;<\/span><\/a><\/p>\n","protected":false},"author":1,"featured_media":0,"parent":0,"menu_order":2,"comment_status":"open","ping_status":"open","template":"","meta":{"footnotes":""},"_links":{"self":[{"href":"http:\/\/blog4schools.de\/didacta\/wp-json\/wp\/v2\/pages\/131"}],"collection":[{"href":"http:\/\/blog4schools.de\/didacta\/wp-json\/wp\/v2\/pages"}],"about":[{"href":"http:\/\/blog4schools.de\/didacta\/wp-json\/wp\/v2\/types\/page"}],"author":[{"embeddable":true,"href":"http:\/\/blog4schools.de\/didacta\/wp-json\/wp\/v2\/users\/1"}],"replies":[{"embeddable":true,"href":"http:\/\/blog4schools.de\/didacta\/wp-json\/wp\/v2\/comments?post=131"}],"version-history":[{"count":1,"href":"http:\/\/blog4schools.de\/didacta\/wp-json\/wp\/v2\/pages\/131\/revisions"}],"predecessor-version":[{"id":514,"href":"http:\/\/blog4schools.de\/didacta\/wp-json\/wp\/v2\/pages\/131\/revisions\/514"}],"wp:attachment":[{"href":"http:\/\/blog4schools.de\/didacta\/wp-json\/wp\/v2\/media?parent=131"}],"curies":[{"name":"wp","href":"https:\/\/api.w.org\/{rel}","templated":true}]}}