{"id":263,"date":"2014-04-06T16:30:55","date_gmt":"2014-04-06T15:30:55","guid":{"rendered":"http:\/\/blog.4teachers.de\/didacta2013\/?page_id=263"},"modified":"2014-04-06T16:30:55","modified_gmt":"2014-04-06T15:30:55","slug":"hannover-2015","status":"publish","type":"page","link":"http:\/\/blog4schools.de\/didacta\/hannover-2015\/","title":{"rendered":"Hannover 2015"},"content":{"rendered":"<p><em><span style=\"color: #000000\">Die n\u00e4chste Didacta findet vom 24.02.2015 bis 28.02.2015 in Hannover statt. Unter dem Motto &#8222;Bildungsgipfel im Flachland&#8220; werden ca. 80.000 Interessierte erwartet. Wir lassen uns \u00fcberraschen, ob auch 4teachers.de wieder mit einem innovativen Messeauftritt dabei sein kann.<\/span><\/em><\/p>\n<p style=\"text-align: center\"><em><span style=\"color: #ff0000\"><strong>Ja, es steht fest. Wir sind wieder dabei und f\u00fcr euch da. \ud83d\ude42<\/strong><\/span><\/em><\/p>\n<p style=\"text-align: center\"><em><span style=\"color: #000000\"><a href=\"\/\/www.didacta-hannover.de\/de\/info\/fuer-besucher\/\"><img loading=\"lazy\" decoding=\"async\" class=\"alignnone size-medium wp-image-274\" src=\"http:\/\/blog4schools.de\/didacta\/wp-content\/uploads\/sites\/9\/2015\/02\/Zwischenablage01-300x80.jpg\" alt=\"didacta15\" width=\"300\" height=\"80\" \/><\/a> <\/span><\/em><\/p>\n<p style=\"text-align: center\"><span style=\"color: #333399\"><strong><em><span style=\"color: #333399\">Es ist wieder soweit. Vom 24.02.2015 bis 28.02.2015 \u00a0findet in Hannover die Didacta 2015 statt. Wir m\u00f6chten euch auch in diesem Jahr recht herzlich zu uns in Halle 16, Stand E32 einladen.<\/span><\/em><\/strong><\/span><\/p>\n<p style=\"text-align: center\"><span style=\"color: #333399\"><strong><em><span style=\"color: #333399\"> <\/span><\/em><\/strong><\/span><\/p>\n<p style=\"text-align: center\"><span style=\"color: #333399\"> <\/span><\/p>\n<div class=\"mceTemp mceIEcenter\" style=\"text-align: center\">\n<dl>\n<dt><a href=\"http:\/\/blog4schools.de\/didacta\/wp-content\/uploads\/sites\/9\/2014\/04\/Zwischenablage01.jpg\"><img loading=\"lazy\" decoding=\"async\" class=\"size-medium wp-image-283 \" src=\"http:\/\/blog4schools.de\/didacta\/wp-content\/uploads\/sites\/9\/2014\/04\/Zwischenablage01-300x183.jpg\" alt=\"Lageplan\" width=\"300\" height=\"183\" srcset=\"http:\/\/blog4schools.de\/didacta\/wp-content\/uploads\/sites\/9\/2014\/04\/Zwischenablage01-300x183.jpg 300w, http:\/\/blog4schools.de\/didacta\/wp-content\/uploads\/sites\/9\/2014\/04\/Zwischenablage01-1024x625.jpg 1024w, http:\/\/blog4schools.de\/didacta\/wp-content\/uploads\/sites\/9\/2014\/04\/Zwischenablage01.jpg 1198w\" sizes=\"(max-width: 300px) 100vw, 300px\" \/><\/a><\/dt>\n<dd>Lageplan<\/dd>\n<\/dl>\n<\/div>\n<p style=\"text-align: center\"><span style=\"color: #333399\"><strong><em><span style=\"color: #333399\">An den unterschiedlichen Messetagen k\u00f6nnt ihr die Macher und Redakteure live und in Farbe treffen. Aber auch zum Verabreden sind wir immer eine der besten Adressen. <\/span><\/em><\/strong><\/span><\/p>\n<p style=\"text-align: center\"><span style=\"color: #333399\"> <\/span><\/p>\n<p style=\"text-align: center\"><span style=\"color: #333399\"><strong><em><span style=\"color: #333399\">Wie in den letzten Jahren auch, bleiben wir unserem nicht kommerziellen Standkonzept treu und konzentrieren uns auf liebevolle Beratung, \u00a0individuelle Kontaktpflege, flexible Probleml\u00f6sung und nette Gespr\u00e4che in gediegener Atmosph\u00e4re.<\/span><\/em><\/strong><\/span><\/p>\n<p style=\"text-align: center\"><strong><em><span style=\"color: #333399\"> <\/span><\/em><\/strong><\/p>\n<p style=\"text-align: center\"><strong><em><span style=\"color: #333399\">Vielleicht an dieser Stelle noch einen Tipp f\u00fcr die Messebesucher. In Vorbereitung auf den langen Messetag solltet ihr Gutscheine bereithalten und eine Route de St\u00e4nde eventuell schon vorplanen. Bei der Planung eures Messetages hilft \u00a0die Seite der Messe. Ihr findet sie unter <a href=\"\/\/www.didacta-hannover.de\/de\/info\/fuer-besucher\/\">http:\/\/www.didacta-hannover.de\/de\/info\/fuer-besucher\/<\/a><\/span><\/em><\/strong><\/p>\n<p style=\"text-align: center\"><em><span style=\"color: #000080\"><br \/>\n<\/span><\/em><\/p>\n","protected":false},"excerpt":{"rendered":"<p>Die n\u00e4chste Didacta findet vom 24.02.2015 bis 28.02.2015 in Hannover statt. Unter dem Motto &#8222;Bildungsgipfel im Flachland&#8220; werden ca. 80.000 Interessierte erwartet. Wir lassen uns \u00fcberraschen, ob auch 4teachers.de wieder mit einem innovativen Messeauftritt dabei sein kann. Ja, es steht&hellip; <a href=\"http:\/\/blog4schools.de\/didacta\/hannover-2015\/\" class=\"more-link\">Weiterlesen <span class=\"meta-nav\">&rarr;<\/span><\/a><\/p>\n","protected":false},"author":1,"featured_media":0,"parent":0,"menu_order":1,"comment_status":"open","ping_status":"open","template":"","meta":{"footnotes":""},"_links":{"self":[{"href":"http:\/\/blog4schools.de\/didacta\/wp-json\/wp\/v2\/pages\/263"}],"collection":[{"href":"http:\/\/blog4schools.de\/didacta\/wp-json\/wp\/v2\/pages"}],"about":[{"href":"http:\/\/blog4schools.de\/didacta\/wp-json\/wp\/v2\/types\/page"}],"author":[{"embeddable":true,"href":"http:\/\/blog4schools.de\/didacta\/wp-json\/wp\/v2\/users\/1"}],"replies":[{"embeddable":true,"href":"http:\/\/blog4schools.de\/didacta\/wp-json\/wp\/v2\/comments?post=263"}],"version-history":[{"count":0,"href":"http:\/\/blog4schools.de\/didacta\/wp-json\/wp\/v2\/pages\/263\/revisions"}],"wp:attachment":[{"href":"http:\/\/blog4schools.de\/didacta\/wp-json\/wp\/v2\/media?parent=263"}],"curies":[{"name":"wp","href":"https:\/\/api.w.org\/{rel}","templated":true}]}}