{"id":342,"date":"2016-02-01T13:55:54","date_gmt":"2016-02-01T12:55:54","guid":{"rendered":"http:\/\/blog4schools.de\/didacta\/?page_id=342"},"modified":"2016-02-03T18:54:13","modified_gmt":"2016-02-03T17:54:13","slug":"koeln-2016","status":"publish","type":"page","link":"http:\/\/blog4schools.de\/didacta\/koeln-2016\/","title":{"rendered":"K\u00f6ln 2016"},"content":{"rendered":"<p><span style=\"color: #094a4a;\"><strong><em>Vom 16.02.2016 bis 20.02.2016\u00a0 findet in K\u00f6ln die didacta 2016 statt. Wir m\u00f6chten euch auch in diesem Jahr recht herzlich zu uns in die Messehalle 6, Stand\u00a006.1 &#8211; D036 &#8211; D038 einladen. Sie steht unter dem Motto:<br \/>\n<\/em><\/strong><\/span><\/p>\n<p style=\"text-align: center;\"><span style=\"color: #094a4a;\"><a style=\"color: #094a4a;\" href=\"http:\/\/blog4schools.de\/didacta\/wp-content\/uploads\/sites\/9\/2016\/02\/didacta16_Headgrafik-Homepage_974x285_D_974x285.jpg\" rel=\"attachment wp-att-343\"><img loading=\"lazy\" decoding=\"async\" class=\"alignnone size-medium wp-image-343\" src=\"http:\/\/blog4schools.de\/didacta\/wp-content\/uploads\/sites\/9\/2016\/02\/didacta16_Headgrafik-Homepage_974x285_D_974x285-300x88.jpg\" alt=\"didacta16_Headgrafik-Homepage_974x285_D_974x285\" width=\"300\" height=\"88\" srcset=\"http:\/\/blog4schools.de\/didacta\/wp-content\/uploads\/sites\/9\/2016\/02\/didacta16_Headgrafik-Homepage_974x285_D_974x285-300x88.jpg 300w, http:\/\/blog4schools.de\/didacta\/wp-content\/uploads\/sites\/9\/2016\/02\/didacta16_Headgrafik-Homepage_974x285_D_974x285-768x225.jpg 768w, http:\/\/blog4schools.de\/didacta\/wp-content\/uploads\/sites\/9\/2016\/02\/didacta16_Headgrafik-Homepage_974x285_D_974x285.jpg 974w\" sizes=\"(max-width: 300px) 100vw, 300px\" \/><\/a><\/span><\/p>\n<p><span style=\"color: #094a4a;\"><strong><em>Die Macher und Redakteure k\u00f6nnt ihr jetzt schon zum 8. Mal live und in Farbe treffen. Mal wieder den Lieblingsredakteur in die Arm schlie\u00dfen oder ein Selfie f\u00fcr die Handygalerie ist sicher einer der H\u00f6hepunkte bei diesem Event. ;-).\u00a0 Aber auch zum Verabreden und Chillen sind wir immer eine der besten Adressen. <\/em><\/strong><\/span><\/p>\n<p><span style=\"color: #094a4a;\"><strong><em>Wie in den letzten Jahren auch, bleiben wir unserem nicht kommerziellen Standkonzept treu und konzentrieren uns auf liebevolle Beratung, \u00a0individuelle Kontaktpflege, flexible Probleml\u00f6sung und nette Gespr\u00e4che in gediegener Atmosph\u00e4re. <\/em><\/strong><\/span><\/p>\n<p><span style=\"color: #094a4a;\"><strong><em>Diese Jahr ist f\u00fcr www.4teachers.de etwas ganz Besonderes, denn es ist auch das 15. Jahr des Bestehens von unserer Community. Das wird uns nat\u00fcrlich durch jeden Messetag begleiten.<\/em><\/strong><\/span><\/p>\n<p><span style=\"color: #008000;\"><strong><span style=\"color: #094a4a;\"><em>Vielleicht an dieser Stelle noch einen<\/em><\/span><em><span style=\"color: #094a4a;\"> Tipp f\u00fcr die Messebesucher. In Vorbereitung auf den langen Messetag solltet ihr Gutscheine bereithalten und eine Route de St\u00e4nde eventuell schon vorplanen. Bei der Planung eures Messetages hilft \u00a0die Seite der Messe. Ihr findet sie unter<\/span> <a style=\"color: #008000;\" href=\"http:\/\/www.didacta-koeln.de\/didacta\/Fuer-Besucher\/index.php\">http:\/\/www.didacta-koeln.de\/didacta\/Fuer-Besucher\/index.php<\/a><\/em><\/strong><\/span><\/p>\n","protected":false},"excerpt":{"rendered":"<p>Vom 16.02.2016 bis 20.02.2016\u00a0 findet in K\u00f6ln die didacta 2016 statt. Wir m\u00f6chten euch auch in diesem Jahr recht herzlich zu uns in die Messehalle 6, Stand\u00a006.1 &#8211; D036 &#8211; D038 einladen. Sie steht unter dem Motto: Die Macher und&hellip; <a href=\"http:\/\/blog4schools.de\/didacta\/koeln-2016\/\" class=\"more-link\">Weiterlesen <span class=\"meta-nav\">&rarr;<\/span><\/a><\/p>\n","protected":false},"author":8,"featured_media":0,"parent":0,"menu_order":0,"comment_status":"open","ping_status":"closed","template":"","meta":{"footnotes":""},"_links":{"self":[{"href":"http:\/\/blog4schools.de\/didacta\/wp-json\/wp\/v2\/pages\/342"}],"collection":[{"href":"http:\/\/blog4schools.de\/didacta\/wp-json\/wp\/v2\/pages"}],"about":[{"href":"http:\/\/blog4schools.de\/didacta\/wp-json\/wp\/v2\/types\/page"}],"author":[{"embeddable":true,"href":"http:\/\/blog4schools.de\/didacta\/wp-json\/wp\/v2\/users\/8"}],"replies":[{"embeddable":true,"href":"http:\/\/blog4schools.de\/didacta\/wp-json\/wp\/v2\/comments?post=342"}],"version-history":[{"count":4,"href":"http:\/\/blog4schools.de\/didacta\/wp-json\/wp\/v2\/pages\/342\/revisions"}],"predecessor-version":[{"id":395,"href":"http:\/\/blog4schools.de\/didacta\/wp-json\/wp\/v2\/pages\/342\/revisions\/395"}],"wp:attachment":[{"href":"http:\/\/blog4schools.de\/didacta\/wp-json\/wp\/v2\/media?parent=342"}],"curies":[{"name":"wp","href":"https:\/\/api.w.org\/{rel}","templated":true}]}}