{"id":380,"date":"2016-02-03T13:09:41","date_gmt":"2016-02-03T12:09:41","guid":{"rendered":"http:\/\/blog4schools.de\/didacta\/?page_id=380"},"modified":"2016-02-03T18:56:25","modified_gmt":"2016-02-03T17:56:25","slug":"messetipps","status":"publish","type":"page","link":"http:\/\/blog4schools.de\/didacta\/messetipps\/","title":{"rendered":"Messetipps"},"content":{"rendered":"<h1 style=\"text-align: left;\"><span style=\"color: #993300;\"><em><span style=\"text-decoration: underline;\"><strong><img loading=\"lazy\" decoding=\"async\" class=\"alignnone wp-image-385\" src=\"http:\/\/blog4schools.de\/didacta\/wp-content\/uploads\/sites\/9\/2016\/02\/4teaman1kl.jpg\" alt=\"4teaman1kl\" width=\"23\" height=\"44\" \/><\/strong><\/span><strong>\u00a0<\/strong><\/em><\/span><span style=\"color: #064545;\"><em><span style=\"text-decoration: underline;\"><strong> 4teachers \u2013 Messetipps<\/strong><\/span><\/em> <\/span><\/h1>\n<h5 style=\"text-align: left;\"><span style=\"color: #064545;\">\u00a0<strong><em>Zusammengetragen und gesammelt aus einem Jahrzehnt Messeerfahrung von ungez\u00e4hlten Mitgliedern und Redakteuren und 4teachers-Machern.<\/em><\/strong><\/span><\/h5>\n<p><span style=\"color: #064545;\"><em>Vor\u00fcberlegung zu Planung eines gelungenen Messetages:<\/em><\/span><\/p>\n<ul>\n<li><span style=\"color: #064545;\"><em> Was will ich dort und wo will ich hin? Information ist alles!<\/em><\/span><\/li>\n<li><span style=\"color: #064545;\"><em>besorgen von Freikarten und Gutscheinen<\/em><\/span><\/li>\n<li><span style=\"color: #064545;\"><em> besorgen des Rahmenprogramms und des Hallenplanes<\/em><\/span><\/li>\n<li><span style=\"color: #064545;\"><em>Wie komme ich dort hin, fahre ich allein oder in der Gruppe?<\/em><\/span><\/li>\n<li><span style=\"color: #064545;\"><em>Wie bekomme ich meine gesammelten Sch\u00e4tze nach Hause?<\/em><\/span><\/li>\n<li><span style=\"color: #064545;\"><em>Was ziehe ich nur an?<\/em><\/span><\/li>\n<li><span style=\"color: #064545;\"><em>Wen kann ich treffen und vor allem wo?<\/em><\/span><\/li>\n<li><span style=\"color: #064545;\"><em>Welche Kataloge\/Flyer ben\u00f6tigt man wirklich? <\/em><\/span><\/li>\n<li><span style=\"color: #064545;\"><em>Wo gibt es ehrliche Schn\u00e4ppchen? <\/em><\/span><\/li>\n<li><span style=\"color: #064545;\"><em>Was kann man bestellen und sich nach Hause schicken lassen? <\/em><\/span><\/li>\n<li><span style=\"color: #064545;\"><em>Was kann man sich notieren und zu Hause \u00fcberdenken und dann bestellen?<\/em><\/span><\/li>\n<\/ul>\n<p><span style=\"color: #064545;\"><em><strong>\u00a0<\/strong><strong>So und nun wird es ernst, du hast eine Freistellung oder auch einfach nur Zeit und einem Besuch steht nix mehr im Wege. <\/strong><strong>\ud83d\ude42<\/strong><\/em><\/span><\/p>\n<p><span style=\"color: #064545;\">Du musst dir zun\u00e4chst bewusst sein, dass die Messe sehr gro\u00df ist, die gr\u00f6\u00dfte Bildungsmesse in Europa. D.h. sie ist zu gro\u00df, um alles zu sehen oder gar jeden Vorteil nutzen zu k\u00f6nnen. Also gilt es, vorher \u00fcberlegen, was besonders interessiert.<\/span><\/p>\n<p><span style=\"color: #064545;\">An erster Stelle steht nat\u00fcrlich der Stand der 4teachers \ud83d\ude42 <img loading=\"lazy\" decoding=\"async\" class=\"alignnone wp-image-385\" src=\"http:\/\/blog4schools.de\/didacta\/wp-content\/uploads\/sites\/9\/2016\/02\/4teaman1kl-e1454502274437.jpg\" alt=\"4teaman1kl\" width=\"23\" height=\"44\" \/>(Ich w\u00fcrde mir auf dem Plan ein riesiges Kreuz auf die Stelle setzen um ja nicht den Besuch dorthin zu vers\u00e4umen.)<\/span><\/p>\n<p><span style=\"color: #064545;\">Daf\u00fcr gibt es an der Kasse Lagepl\u00e4ne und einen Katalog, wo drin steht, was wo zu finden ist. Du kannst aber auch schon \u00fcber die Messeseite Infos heraussuchen, vorplanen und dir so einen Messeplan erstellen.<\/span><\/p>\n<p><span style=\"color: #064545;\">Sollte dich der der Grundschulbereich interessieren, der meist sowieso der gr\u00f6\u00dfte Bereich ist, dann nimmst du dir diesen vor und l\u00e4sst zun\u00e4chst alles andere links liegen. <\/span><br \/>\n<span style=\"color: #064545;\"> Oder du gehst zu den Schulbuchverlagen.<\/span><\/p>\n<p><span style=\"color: #064545;\">Solltest du an Vortr\u00e4gen oder am Programm interessiert sein, besorge es dir und mache dir vorher einen Zeitplan, damit du rechtzeitig durch die \u00fcbervollen Hallen dein Ziel erreichst, zumal einige auch \u00fcbervoll sein k\u00f6nnen. Sicher m\u00f6chtest du nach vielen Schritten im Vortag die Chance auf eine Sitzpause nicht verpassen.<\/span><\/p>\n<p><span style=\"color: #064545;\">Hilfreich ist bequemes Schuhwerk wegen des anstrengenden Ausdauerlaufprogramms und praktischerweise ein Rucksack f\u00fcr die Materialsammlung. Au\u00dferdem hast du zum Schauen und W\u00fchlen die H\u00e4nde frei. Auf jeden Fall solltest du dir vorab \u00fcberlegen, ob du Material kaufen m\u00f6chtest und dir ein Limit setzen.<\/span><\/p>\n<p><span style=\"color: #064545;\">Auch die Pausen wollen vorbereitet sein. Nimm dir vielleicht was zu trinken oder essen mit, denn die Restaurants sind h\u00e4ufig \u00fcberteuert und \u00fcberf\u00fcllt.<\/span><\/p>\n<p><span style=\"color: #064545;\">Besonders tolle Tipps bietet in jedem Jahr der Lehrerfreund zur didacta \u2013 ein Blick der lohnt:<\/span><\/p>\n<p><a href=\"http:\/\/www.lehrerfreund.de\/schule\/1s\/didacta-messefuehrer\/4127\">http:\/\/www.lehrerfreund.de\/schule\/1s\/didacta-messefuehrer\/4127<\/a><\/p>\n<p><span style=\"color: #064545;\">Dann hoffen wir \u2013 Wir sehen uns !<\/span><\/p>\n<p><span style=\"color: #008000;\"><span style=\"color: #064545;\">Bis dahin! <img loading=\"lazy\" decoding=\"async\" class=\"alignnone wp-image-389\" src=\"http:\/\/blog4schools.de\/didacta\/wp-content\/uploads\/sites\/9\/2016\/02\/4teaman1kl-1.jpg\" alt=\"4teaman1kl\" width=\"22\" height=\"42\" \/><\/span><br \/>\n<\/span><\/p>\n","protected":false},"excerpt":{"rendered":"<p>\u00a0 4teachers \u2013 Messetipps \u00a0Zusammengetragen und gesammelt aus einem Jahrzehnt Messeerfahrung von ungez\u00e4hlten Mitgliedern und Redakteuren und 4teachers-Machern. Vor\u00fcberlegung zu Planung eines gelungenen Messetages: Was will ich dort und wo will ich hin? Information ist alles! besorgen von Freikarten und&hellip; <a href=\"http:\/\/blog4schools.de\/didacta\/messetipps\/\" class=\"more-link\">Weiterlesen <span class=\"meta-nav\">&rarr;<\/span><\/a><\/p>\n","protected":false},"author":8,"featured_media":0,"parent":0,"menu_order":0,"comment_status":"open","ping_status":"closed","template":"","meta":{"footnotes":""},"_links":{"self":[{"href":"http:\/\/blog4schools.de\/didacta\/wp-json\/wp\/v2\/pages\/380"}],"collection":[{"href":"http:\/\/blog4schools.de\/didacta\/wp-json\/wp\/v2\/pages"}],"about":[{"href":"http:\/\/blog4schools.de\/didacta\/wp-json\/wp\/v2\/types\/page"}],"author":[{"embeddable":true,"href":"http:\/\/blog4schools.de\/didacta\/wp-json\/wp\/v2\/users\/8"}],"replies":[{"embeddable":true,"href":"http:\/\/blog4schools.de\/didacta\/wp-json\/wp\/v2\/comments?post=380"}],"version-history":[{"count":7,"href":"http:\/\/blog4schools.de\/didacta\/wp-json\/wp\/v2\/pages\/380\/revisions"}],"predecessor-version":[{"id":396,"href":"http:\/\/blog4schools.de\/didacta\/wp-json\/wp\/v2\/pages\/380\/revisions\/396"}],"wp:attachment":[{"href":"http:\/\/blog4schools.de\/didacta\/wp-json\/wp\/v2\/media?parent=380"}],"curies":[{"name":"wp","href":"https:\/\/api.w.org\/{rel}","templated":true}]}}