{"id":515,"date":"2017-01-07T17:35:32","date_gmt":"2017-01-07T16:35:32","guid":{"rendered":"http:\/\/blog4schools.de\/didacta\/?page_id=515"},"modified":"2017-02-06T16:11:47","modified_gmt":"2017-02-06T15:11:47","slug":"stuttgart-2017","status":"publish","type":"page","link":"http:\/\/blog4schools.de\/didacta\/stuttgart-2017\/","title":{"rendered":"STUTTGART 2017"},"content":{"rendered":"<p style=\"text-align: center;\"><span style=\"color: #008000;\"><strong>Vom 14.02.2017 bis 18.02.2017\u00a0 findet in Stuttgart die <\/strong><\/span><\/p>\n<p style=\"text-align: center;\"><span style=\"color: #008000;\"><strong>didacta 2017\u00a0 &#8222;Bildung begegnen&#8220;<\/strong> <\/span><\/p>\n<p style=\"text-align: center;\"><span style=\"color: #008000;\"><strong>statt. Wir m\u00f6chten euch auch in diesem Jahr recht herzlich zu uns in die Messehalle\u00a0 einladen.<em><br \/>\n<\/em><\/strong><\/span><\/p>\n<p><img loading=\"lazy\" decoding=\"async\" class=\"alignnone size-full wp-image-516 aligncenter\" src=\"http:\/\/blog4schools.de\/didacta\/wp-content\/uploads\/sites\/9\/2017\/01\/Banner_didacta2017-e1483806230864.jpg\" alt=\"banner_didacta2017\" width=\"360\" height=\"147\" \/><\/p>\n<p><span style=\"color: #000000;\">Schon zum 9. Mal k\u00f6nnt ihr uns live auf dieser gro\u00dfen Bildungsmesse treffen. Auch in diesem Jahr versuchen viele unserer Macher und Redakteure euch f\u00fcr Fragen und Gespr\u00e4che zur Verf\u00fcgung zu stehen. Der Eine oder Andere m\u00f6chte vielleicht seinen Lieblingsredakteur auch nur in die Arm schlie\u00dfen oder ein Selfie f\u00fcr die Handygalerie machen. Es ist jedoch sicher, die didacta ist einer der H\u00f6hepunkte dieses Jahres bei www.4teachers.de. ;-).<br \/>\n<\/span><\/p>\n<p><span style=\"color: #000000;\">Wie in den letzten Jahren auch, bleiben wir unserem nicht kommerziellen Standkonzept treu und konzentrieren uns auf liebevolle Beratung, \u00a0individuelle Kontaktpflege, flexible Probleml\u00f6sung und nette Gespr\u00e4che in gediegener Atmosph\u00e4re. <\/span><\/p>\n<p><span style=\"color: #000000;\">Vielleicht an dieser Stelle noch einen Tipp f\u00fcr die Messebesucher. In Vorbereitung auf den langen Messetag solltet ihr Gutscheine bereithalten und eine Route de St\u00e4nde eventuell schon vorplanen. Bei der Planung eures Messetages hilft \u00a0die Seite der Messe <a href=\"http:\/\/www.messe-stuttgart.de\/didacta\/besucher\" target=\"_blank\">www.messe-stuttgart.de\/didacta\/besucher<\/a> und nat\u00fcrlich unsere Messetipps auf diesem Blog. <\/span><\/p>\n<p><span style=\"color: #008000;\"><strong><span style=\"color: #000000;\">Uns findet ihr in diesem Jahr in\u00a0 Halle 5 Gang B Stand 72. Wir freuen uns auf euch \ud83d\ude42<\/span><\/strong><em><strong><br \/>\n<\/strong><\/em><\/span><\/p>\n<div id=\"attachment_523\" style=\"width: 604px\" class=\"wp-caption aligncenter\"><img loading=\"lazy\" decoding=\"async\" aria-describedby=\"caption-attachment-523\" class=\" wp-image-523\" src=\"http:\/\/blog4schools.de\/didacta\/wp-content\/uploads\/sites\/9\/2017\/01\/messe2017.jpg\" alt=\"\" width=\"594\" height=\"394\" srcset=\"http:\/\/blog4schools.de\/didacta\/wp-content\/uploads\/sites\/9\/2017\/01\/messe2017.jpg 1351w, http:\/\/blog4schools.de\/didacta\/wp-content\/uploads\/sites\/9\/2017\/01\/messe2017-300x199.jpg 300w, http:\/\/blog4schools.de\/didacta\/wp-content\/uploads\/sites\/9\/2017\/01\/messe2017-768x509.jpg 768w, http:\/\/blog4schools.de\/didacta\/wp-content\/uploads\/sites\/9\/2017\/01\/messe2017-1024x678.jpg 1024w\" sizes=\"(max-width: 594px) 100vw, 594px\" \/><p id=\"caption-attachment-523\" class=\"wp-caption-text\">Hallenplan<\/p><\/div>\n","protected":false},"excerpt":{"rendered":"<p>Vom 14.02.2017 bis 18.02.2017\u00a0 findet in Stuttgart die didacta 2017\u00a0 &#8222;Bildung begegnen&#8220; statt. Wir m\u00f6chten euch auch in diesem Jahr recht herzlich zu uns in die Messehalle\u00a0 einladen. Schon zum 9. Mal k\u00f6nnt ihr uns live auf dieser gro\u00dfen Bildungsmesse&hellip; <a href=\"http:\/\/blog4schools.de\/didacta\/stuttgart-2017\/\" class=\"more-link\">Weiterlesen <span class=\"meta-nav\">&rarr;<\/span><\/a><\/p>\n","protected":false},"author":8,"featured_media":0,"parent":0,"menu_order":0,"comment_status":"open","ping_status":"closed","template":"","meta":{"footnotes":""},"_links":{"self":[{"href":"http:\/\/blog4schools.de\/didacta\/wp-json\/wp\/v2\/pages\/515"}],"collection":[{"href":"http:\/\/blog4schools.de\/didacta\/wp-json\/wp\/v2\/pages"}],"about":[{"href":"http:\/\/blog4schools.de\/didacta\/wp-json\/wp\/v2\/types\/page"}],"author":[{"embeddable":true,"href":"http:\/\/blog4schools.de\/didacta\/wp-json\/wp\/v2\/users\/8"}],"replies":[{"embeddable":true,"href":"http:\/\/blog4schools.de\/didacta\/wp-json\/wp\/v2\/comments?post=515"}],"version-history":[{"count":7,"href":"http:\/\/blog4schools.de\/didacta\/wp-json\/wp\/v2\/pages\/515\/revisions"}],"predecessor-version":[{"id":542,"href":"http:\/\/blog4schools.de\/didacta\/wp-json\/wp\/v2\/pages\/515\/revisions\/542"}],"wp:attachment":[{"href":"http:\/\/blog4schools.de\/didacta\/wp-json\/wp\/v2\/media?parent=515"}],"curies":[{"name":"wp","href":"https:\/\/api.w.org\/{rel}","templated":true}]}}