{"id":627,"date":"2019-02-02T20:07:23","date_gmt":"2019-02-02T19:07:23","guid":{"rendered":"http:\/\/blog4schools.de\/didacta\/?page_id=627"},"modified":"2019-02-06T15:56:38","modified_gmt":"2019-02-06T14:56:38","slug":"koeln-2019","status":"publish","type":"page","link":"http:\/\/blog4schools.de\/didacta\/koeln-2019\/","title":{"rendered":"K\u00f6ln 2019"},"content":{"rendered":"<h4><img loading=\"lazy\" decoding=\"async\" class=\"alignnone wp-image-628\" src=\"http:\/\/blog4schools.de\/didacta\/wp-content\/uploads\/sites\/9\/2019\/02\/Zwischenablage01.jpg\" alt=\"\" width=\"948\" height=\"243\" srcset=\"http:\/\/blog4schools.de\/didacta\/wp-content\/uploads\/sites\/9\/2019\/02\/Zwischenablage01.jpg 1316w, http:\/\/blog4schools.de\/didacta\/wp-content\/uploads\/sites\/9\/2019\/02\/Zwischenablage01-300x77.jpg 300w, http:\/\/blog4schools.de\/didacta\/wp-content\/uploads\/sites\/9\/2019\/02\/Zwischenablage01-768x197.jpg 768w, http:\/\/blog4schools.de\/didacta\/wp-content\/uploads\/sites\/9\/2019\/02\/Zwischenablage01-1024x263.jpg 1024w\" sizes=\"(max-width: 948px) 100vw, 948px\" \/><\/h4>\n<h2 style=\"text-align: center;\"><span style=\"color: #008000;\">Die <span style=\"color: #993300;\">didacta 2019<\/span><\/span><\/h2>\n<h3 style=\"text-align: center;\"><span style=\"color: #008000;\">findet vom <span style=\"color: #993300;\">19. Februar 2019 bis zu 23. Februar 2019<\/span> in K\u00f6ln statt.<\/span><\/h3>\n<p>&nbsp;<\/p>\n<p><span style=\"color: #008000;\"><img loading=\"lazy\" decoding=\"async\" class=\" wp-image-439 alignleft\" src=\"http:\/\/blog4schools.de\/didacta\/wp-content\/uploads\/sites\/9\/2016\/02\/page3.jpg\" alt=\"\" width=\"264\" height=\"264\" srcset=\"http:\/\/blog4schools.de\/didacta\/wp-content\/uploads\/sites\/9\/2016\/02\/page3.jpg 404w, http:\/\/blog4schools.de\/didacta\/wp-content\/uploads\/sites\/9\/2016\/02\/page3-150x150.jpg 150w, http:\/\/blog4schools.de\/didacta\/wp-content\/uploads\/sites\/9\/2016\/02\/page3-300x300.jpg 300w, http:\/\/blog4schools.de\/didacta\/wp-content\/uploads\/sites\/9\/2016\/02\/page3-50x50.jpg 50w\" sizes=\"(max-width: 264px) 100vw, 264px\" \/>Zum <strong>12. Mal<\/strong> sind wir f\u00fcr euch auf Deutschlands wichtigster Messe in Sachen Bildung unterwegs. Auch in diesem Jahr versuchen viele unserer M<\/span><span style=\"color: #008000;\">acher und Redakteure euch f\u00fcr Fragen, Tipps, Tricks und Gespr\u00e4che rund um die Community und etwas mehr zur Verf\u00fcgung zu stehen. Wie in den ve<\/span><span style=\"color: #008000;\">rgangenen Jahren plant der Eine oder Andere ein Treffen oder Wiedersehen mit seinen Lieblingsredakteuren oder freundschaftlich verbundenen\u00a0<\/span><span style=\"color: #008000;\">Communitymitgliedern. Kleine Zeichen der Verbundenheit und der geschlossenen Freundschaften, wie nur in die Arme schlie\u00dfen oder ein Selfie f\u00fcr die Handygalerie <\/span><span style=\"color: #008000;\">machen,\u00a0 sind kleine Streicheleinheiten, die nur so auf einer Messe oder 4teachers-Events erlebbar werden. <\/span><span style=\"color: #008000;\">Es ist jedoch sicher, die didacta ist wieder einer der H\u00f6hepunkte dieses Jahres bei <\/span><span style=\"color: #008000;\">www.4teachers.de. ;-).\u00a0 Wie in den letzten Jahren auch, bleiben wir unserem nicht kommerziellen Standkonzept treu und konzentrieren uns auf liebevolle Beratung, <\/span><span style=\"color: #008000;\">\u00a0individuelle Kontaktpflege, flexible <\/span><span style=\"color: #008000;\">Probleml\u00f6sung und nette Gespr\u00e4che in bildungsf\u00fcrsorglicher Atmosph\u00e4re. <\/span><\/p>\n<p><span style=\"color: #008000;\">An dieser Stelle noch einen <strong>Tipp f\u00fcr die Messebesucher<\/strong>. <\/span><\/p>\n<p><span style=\"color: #008000;\">In Vorbereitung auf den langen Messetag solltet ihr Gutscheine bereithalten und eine Route <\/span><span style=\"color: #008000;\"><img loading=\"lazy\" decoding=\"async\" class=\"wp-image-389 alignleft\" src=\"http:\/\/blog4schools.de\/didacta\/wp-content\/uploads\/sites\/9\/2016\/02\/4teaman1kl-1.jpg\" alt=\"\" width=\"33\" height=\"63\" \/><\/span><span style=\"color: #008000;\">der St\u00e4nde eventuell schon vorplanen. Bei der Planung eures Messetages hilft\u00a0 euch das Messeforum auf www.4teachers.de, die Seite der Messe <a style=\"color: #008000;\" href=\"http:\/\/www.didacta-koeln.de\/didacta\/Fuer-Besucher\/index.php\">http:\/\/www.didacta-koeln.de\/<\/a> und nat\u00fcrlich unsere Messetipps dieses Blogs. <\/span><\/p>\n<p><span style=\"color: #008000;\">Wir m\u00f6chten euch in diesem Jahr recht herzlich zu uns in die <strong>Messehalle 7\u00a0 Stand C59<\/strong> einladen. <\/span><\/p>\n<p>&nbsp;<\/p>\n<p>&nbsp;<\/p>\n<div>\n<div class=\"texts\">\n<p>&nbsp;<\/p>\n<\/div>\n<\/div>\n<p>&nbsp;<\/p>\n","protected":false},"excerpt":{"rendered":"<p>Die didacta 2019 findet vom 19. Februar 2019 bis zu 23. Februar 2019 in K\u00f6ln statt. &nbsp; Zum 12. Mal sind wir f\u00fcr euch auf Deutschlands wichtigster Messe in Sachen Bildung unterwegs. Auch in diesem Jahr versuchen viele unserer Macher&hellip; <a href=\"http:\/\/blog4schools.de\/didacta\/koeln-2019\/\" class=\"more-link\">Weiterlesen <span class=\"meta-nav\">&rarr;<\/span><\/a><\/p>\n","protected":false},"author":8,"featured_media":0,"parent":0,"menu_order":0,"comment_status":"closed","ping_status":"closed","template":"","meta":{"footnotes":""},"_links":{"self":[{"href":"http:\/\/blog4schools.de\/didacta\/wp-json\/wp\/v2\/pages\/627"}],"collection":[{"href":"http:\/\/blog4schools.de\/didacta\/wp-json\/wp\/v2\/pages"}],"about":[{"href":"http:\/\/blog4schools.de\/didacta\/wp-json\/wp\/v2\/types\/page"}],"author":[{"embeddable":true,"href":"http:\/\/blog4schools.de\/didacta\/wp-json\/wp\/v2\/users\/8"}],"replies":[{"embeddable":true,"href":"http:\/\/blog4schools.de\/didacta\/wp-json\/wp\/v2\/comments?post=627"}],"version-history":[{"count":14,"href":"http:\/\/blog4schools.de\/didacta\/wp-json\/wp\/v2\/pages\/627\/revisions"}],"predecessor-version":[{"id":653,"href":"http:\/\/blog4schools.de\/didacta\/wp-json\/wp\/v2\/pages\/627\/revisions\/653"}],"wp:attachment":[{"href":"http:\/\/blog4schools.de\/didacta\/wp-json\/wp\/v2\/media?parent=627"}],"curies":[{"name":"wp","href":"https:\/\/api.w.org\/{rel}","templated":true}]}}