{"id":724,"date":"2019-05-22T12:33:54","date_gmt":"2019-05-22T10:33:54","guid":{"rendered":"http:\/\/blog4schools.de\/didacta\/?page_id=724"},"modified":"2019-05-22T12:33:54","modified_gmt":"2019-05-22T10:33:54","slug":"stuttgart-2020","status":"publish","type":"page","link":"http:\/\/blog4schools.de\/didacta\/stuttgart-2020\/","title":{"rendered":"Stuttgart 2020"},"content":{"rendered":"<p><strong><em>Vom 24 .M\u00e4rz 2020 bis 28. M\u00e4rz 2020 findet die didacta als gr\u00f6\u00dfte Bildungsmesse Europas in Stuttgart statt.<\/em><\/strong><\/p>\n<p><img loading=\"lazy\" decoding=\"async\" class=\"alignnone size-full wp-image-516\" src=\"http:\/\/blog4schools.de\/didacta\/wp-content\/uploads\/sites\/9\/2017\/01\/Banner_didacta2017-e1483806230864.jpg\" alt=\"\" width=\"360\" height=\"147\" \/><\/p>\n<p>Die Messe didacta\u00a0 ist\u00a0 DIE Fachmesse f\u00fcr Bildung. Sie ist nicht nur f\u00fcr Europas Bildungswirtschaft, sondern auch f\u00fcr nationale und internationale Unternehmen einer der Kontaktb\u00f6rsen. Allen, die am Bildungsprozess beteiligt sind, gibt sie die M\u00f6glichkeit eines Updates \u00fcber die aktuellen Themen und Herausforderungen in der Bildungsbranche.<\/p>\n","protected":false},"excerpt":{"rendered":"<p>Vom 24 .M\u00e4rz 2020 bis 28. M\u00e4rz 2020 findet die didacta als gr\u00f6\u00dfte Bildungsmesse Europas in Stuttgart statt. Die Messe didacta\u00a0 ist\u00a0 DIE Fachmesse f\u00fcr Bildung. Sie ist nicht nur f\u00fcr Europas Bildungswirtschaft, sondern auch f\u00fcr nationale und internationale Unternehmen&hellip; <a href=\"http:\/\/blog4schools.de\/didacta\/stuttgart-2020\/\" class=\"more-link\">Weiterlesen <span class=\"meta-nav\">&rarr;<\/span><\/a><\/p>\n","protected":false},"author":8,"featured_media":0,"parent":0,"menu_order":0,"comment_status":"closed","ping_status":"closed","template":"","meta":{"footnotes":""},"_links":{"self":[{"href":"http:\/\/blog4schools.de\/didacta\/wp-json\/wp\/v2\/pages\/724"}],"collection":[{"href":"http:\/\/blog4schools.de\/didacta\/wp-json\/wp\/v2\/pages"}],"about":[{"href":"http:\/\/blog4schools.de\/didacta\/wp-json\/wp\/v2\/types\/page"}],"author":[{"embeddable":true,"href":"http:\/\/blog4schools.de\/didacta\/wp-json\/wp\/v2\/users\/8"}],"replies":[{"embeddable":true,"href":"http:\/\/blog4schools.de\/didacta\/wp-json\/wp\/v2\/comments?post=724"}],"version-history":[{"count":2,"href":"http:\/\/blog4schools.de\/didacta\/wp-json\/wp\/v2\/pages\/724\/revisions"}],"predecessor-version":[{"id":727,"href":"http:\/\/blog4schools.de\/didacta\/wp-json\/wp\/v2\/pages\/724\/revisions\/727"}],"wp:attachment":[{"href":"http:\/\/blog4schools.de\/didacta\/wp-json\/wp\/v2\/media?parent=724"}],"curies":[{"name":"wp","href":"https:\/\/api.w.org\/{rel}","templated":true}]}}