{"id":81,"date":"2013-02-19T17:42:48","date_gmt":"2013-02-19T16:42:48","guid":{"rendered":"http:\/\/blog.4teachers.de\/didacta2013\/?page_id=81"},"modified":"2016-02-01T21:40:24","modified_gmt":"2016-02-01T20:40:24","slug":"koln-2013","status":"publish","type":"page","link":"http:\/\/blog4schools.de\/didacta\/koln-2013\/","title":{"rendered":"K\u00f6ln 2013"},"content":{"rendered":"<p>5 Jahre 4teachers bei der didacta &#8211; eine Erfolgsstory!\u00a0 \ud83d\ude42<\/p>\n<p>Die \u00a0didacta 2013 ist wieder mal in K\u00f6ln und findet vom 19. \u2013 23. Februar statt.<\/p>\n<p>Wir von 4teachers.de sind nun schon zum f\u00fcnften Mal dabei und freuen uns nat\u00fcrlich wieder\u00a0riesig darauf unsere Mitglieder und zuk\u00fcnftigen Mitglieder kennenzulernen und durch diese Messezeit zu begleiten.<\/p>\n<p>Auch in diesem Jahr k\u00f6nnt ihr euch \u00fcber die Messetage in der Community, \u00fcber den Blog, \u00fcber Facebook und nat\u00fcrlich auch live informieren.\u00a0\u00a0Wir werden euch \u00fcber alle Neuigkeiten auf dem Laufenden halten.<\/p>\n<p>In diesem Jahr findet ihr uns in der Halle 6, Stand E039a.<\/p>\n<p><img loading=\"lazy\" decoding=\"async\" class=\"alignnone size-thumbnail wp-image-366 aligncenter\" src=\"http:\/\/blog4schools.de\/didacta\/wp-content\/uploads\/sites\/9\/2013\/02\/Zwischenablage-150x150.jpg\" alt=\"Zwischenablage\" width=\"150\" height=\"150\" srcset=\"http:\/\/blog4schools.de\/didacta\/wp-content\/uploads\/sites\/9\/2013\/02\/Zwischenablage-150x150.jpg 150w, http:\/\/blog4schools.de\/didacta\/wp-content\/uploads\/sites\/9\/2013\/02\/Zwischenablage-50x50.jpg 50w\" sizes=\"(max-width: 150px) 100vw, 150px\" \/><\/p>\n","protected":false},"excerpt":{"rendered":"<p>5 Jahre 4teachers bei der didacta &#8211; eine Erfolgsstory!\u00a0 \ud83d\ude42 Die \u00a0didacta 2013 ist wieder mal in K\u00f6ln und findet vom 19. \u2013 23. Februar statt. Wir von 4teachers.de sind nun schon zum f\u00fcnften Mal dabei und freuen uns nat\u00fcrlich&hellip; <a href=\"http:\/\/blog4schools.de\/didacta\/koln-2013\/\" class=\"more-link\">Weiterlesen <span class=\"meta-nav\">&rarr;<\/span><\/a><\/p>\n","protected":false},"author":1,"featured_media":0,"parent":0,"menu_order":3,"comment_status":"open","ping_status":"open","template":"","meta":{"footnotes":""},"_links":{"self":[{"href":"http:\/\/blog4schools.de\/didacta\/wp-json\/wp\/v2\/pages\/81"}],"collection":[{"href":"http:\/\/blog4schools.de\/didacta\/wp-json\/wp\/v2\/pages"}],"about":[{"href":"http:\/\/blog4schools.de\/didacta\/wp-json\/wp\/v2\/types\/page"}],"author":[{"embeddable":true,"href":"http:\/\/blog4schools.de\/didacta\/wp-json\/wp\/v2\/users\/1"}],"replies":[{"embeddable":true,"href":"http:\/\/blog4schools.de\/didacta\/wp-json\/wp\/v2\/comments?post=81"}],"version-history":[{"count":2,"href":"http:\/\/blog4schools.de\/didacta\/wp-json\/wp\/v2\/pages\/81\/revisions"}],"predecessor-version":[{"id":363,"href":"http:\/\/blog4schools.de\/didacta\/wp-json\/wp\/v2\/pages\/81\/revisions\/363"}],"wp:attachment":[{"href":"http:\/\/blog4schools.de\/didacta\/wp-json\/wp\/v2\/media?parent=81"}],"curies":[{"name":"wp","href":"https:\/\/api.w.org\/{rel}","templated":true}]}}