{"id":138,"date":"2009-03-23T18:21:40","date_gmt":"2009-03-23T17:21:40","guid":{"rendered":"http:\/\/blog.4teachers.de\/drachenburg\/?page_id=138"},"modified":"2009-03-23T18:21:40","modified_gmt":"2009-03-23T17:21:40","slug":"leseecke","status":"publish","type":"page","link":"http:\/\/blog4schools.de\/drachenburg\/eine-seite\/leseecke\/","title":{"rendered":"Lese-Ecke"},"content":{"rendered":"<p>Seit ich es kann, kann ich es nicht mehr lassen &#8211; das<span style=\"color: green\"> <strong>Lesen<\/strong><\/span>. Als Kind und Jugendliche las ich mich durch meines Vaters B\u00fcchersammlung &#8211; fing an bei den M\u00e4rchen und endete bei authentischen Kriminalf\u00e4llen, nachdem ich auch einen gro\u00dfen Teil seiner Sachb\u00fccher durchst\u00f6bert hatte.\u00a0 Zus\u00e4tzlich holte ich mir B\u00fccher aus unserer d\u00f6rflichen Bibliothek und sp\u00e4ter aus der nahen Gro\u00dfstadt.<\/p>\n<p>Inzwischen ist meine eigene B\u00fcchersammlung genau so umfangreich, wie die meines Vaters. Darin stehen B\u00fccher, von denen ich mich aus sentimentalen Gr\u00fcnden nicht trennen mag, B\u00fccher, die ich auf jeden Fall noch einmal oder vielleicht sogar \u00f6fter lesen m\u00f6chte, B\u00fccher, die ich noch nie gelesen habe und nat\u00fcrlich auch reichlich Sachliteratur rund um Schule und was mich so interessiert.<\/p>\n<p>Einen Teil meiner privaten Bibliothek habe ich inzwischen verschenkt, verkauft oder vertauscht. Dies tat ich nicht nur aus Platzgr\u00fcnden. Weshalb soll ich B\u00fccher herumstehen haben, die ich selbst nicht mehr lesen mag, an denen meine Kinder kein Interesse haben? Vor allem durch das Tauschen \u00fcber <a title=\"Tauschb\u00f6rse f\u00fcr B\u00fccher, Filme und Audiomedien\" href=\"http:\/\/www.tauschticket.de\/\" target=\"_blank\">tauschticket.de<\/a> konnten viele meiner B\u00fccher einen neuen Leser finden, vielleicht sogar schon mehrere. B\u00fccher ohne Leser empfinde ich wie H\u00e4user ohne Bewohner: trostlos.<\/p>\n<p><strong><span style=\"color: #008080\">23.03.2009<\/span><\/strong><\/p>\n<p>Das letzte Buch, das ich las, war <a href=\"http:\/\/blog.4teachers.de\/drachenburg\/?page_id=164&amp;preview=true\">&#8222;Der Vorleser&#8220;<\/a> von Bernhard Schlink. Seit Monaten stand es schon im Regal und wartete darauf, gelesen zu werden. Nun l\u00e4uft gerade der Film in den Kinos. Das war f\u00fcr mich der Ansto\u00df, das Buch zu lesen. Die Geschichte nahm mich so schnell gefangen, dass ich Abwasch und \u00e4hnliche Dinge ignorierte und mich ausschlie\u00dflich dem Lesen hingab. Nun werde ich versuchen, auch den Film zu sehen, bevor er wieder aus den Kinos verschwindet.<a href=\"http:\/\/blog.4teachers.de\/drachenburg\/?page_id=164&amp;preview=true\"><br \/>\n<\/a><\/p>\n<p>Das n\u00e4chste Buch, das ich lesen m\u00f6chte, ist <a href=\"http:\/\/blog.4teachers.de\/drachenburg\/?page_id=166&amp;preview=true\">&#8222;Die souver\u00e4ne Leserin&#8220;<\/a> von Alan Bennett. Ich hoffe, dass es bald bei mir ist. Wenn es dann noch weiter so kalt und regnerisch bleibt wie es heute ist, habe ich einen guten Grund mich in meine Leseecke zu verziehen.<br \/>\n:-D<\/p>\n<p>Ab und an habe ich in den letzten Wochen ein altes <a href=\"http:\/\/www.dasmagazin.de\/main.php\" target=\"_blank\">Magazin<\/a> in die Hand genommen und immer mal einen Artikel darin gelesen. Das Heft stammt von <a href=\"http:\/\/blog.4teachers.de\/drachenburg\/?page_id=169&amp;preview=true\" target=\"_blank\">Dezember 2007<\/a> und lag ziemlich lange auf meinem Nachttisch. Die meisten Beitr\u00e4ge sind ziemlich zeitlos und so kann ich es mir H\u00e4ppchen f\u00fcr H\u00e4ppchen einverleiben.<\/p>\n","protected":false},"excerpt":{"rendered":"<p>Seit ich es kann, kann ich es nicht mehr lassen &#8211; das Lesen. Als Kind und Jugendliche las ich mich durch meines Vaters B\u00fcchersammlung &#8211; fing an bei den M\u00e4rchen und endete bei authentischen Kriminalf\u00e4llen, nachdem ich auch einen gro\u00dfen Teil seiner Sachb\u00fccher durchst\u00f6bert hatte.\u00a0 Zus\u00e4tzlich holte ich mir B\u00fccher aus unserer d\u00f6rflichen Bibliothek und &hellip; <a href=\"http:\/\/blog4schools.de\/drachenburg\/eine-seite\/leseecke\/\" class=\"more-link\"><span class=\"screen-reader-text\">Lese-Ecke<\/span> weiterlesen <span class=\"meta-nav\">&rarr;<\/span><\/a><\/p>\n","protected":false},"author":4,"featured_media":0,"parent":2709,"menu_order":0,"comment_status":"open","ping_status":"open","template":"","meta":{"footnotes":""},"_links":{"self":[{"href":"http:\/\/blog4schools.de\/drachenburg\/wp-json\/wp\/v2\/pages\/138"}],"collection":[{"href":"http:\/\/blog4schools.de\/drachenburg\/wp-json\/wp\/v2\/pages"}],"about":[{"href":"http:\/\/blog4schools.de\/drachenburg\/wp-json\/wp\/v2\/types\/page"}],"author":[{"embeddable":true,"href":"http:\/\/blog4schools.de\/drachenburg\/wp-json\/wp\/v2\/users\/4"}],"replies":[{"embeddable":true,"href":"http:\/\/blog4schools.de\/drachenburg\/wp-json\/wp\/v2\/comments?post=138"}],"version-history":[{"count":0,"href":"http:\/\/blog4schools.de\/drachenburg\/wp-json\/wp\/v2\/pages\/138\/revisions"}],"up":[{"embeddable":true,"href":"http:\/\/blog4schools.de\/drachenburg\/wp-json\/wp\/v2\/pages\/2709"}],"wp:attachment":[{"href":"http:\/\/blog4schools.de\/drachenburg\/wp-json\/wp\/v2\/media?parent=138"}],"curies":[{"name":"wp","href":"https:\/\/api.w.org\/{rel}","templated":true}]}}