{"id":166,"date":"2009-03-25T13:35:18","date_gmt":"2009-03-25T12:35:18","guid":{"rendered":"http:\/\/blog.4teachers.de\/drachenburg\/?page_id=166"},"modified":"2009-03-25T13:35:18","modified_gmt":"2009-03-25T12:35:18","slug":"die-souverane-leserin","status":"publish","type":"page","link":"http:\/\/blog4schools.de\/drachenburg\/eine-seite\/leseecke\/die-souverane-leserin\/","title":{"rendered":"Die souver\u00e4ne Leserin"},"content":{"rendered":"<p><strong><span style=\"color: #666699\">09.04.2009<\/span><\/strong><\/p>\n<p>Ich habe mit dem Lesen begonnen.<br \/>\nEinige Abschnitte in diesem Buch empfinde ich als Liebeserkl\u00e4rung an das Lesen. Auch wenn andere Stellen eher bitters\u00fc\u00df bis bitterb\u00f6se sind. <span style=\"color: #7b45ba\">Grenzt ein Leser seine Familie aus? Ist das schlimm? Ist das Lesen eine notwendige Insel der Erholung, um sich in der Zeit des Nicht-Lesens mit neuer Kraft den Erfordernissen des Alltages stellen zu k\u00f6nnen?<\/span><\/p>\n<p><strong><span style=\"color: #666699\">25.03.2009<\/span><\/strong><\/p>\n<p>Es steht jetzt bereit &#8211; mit sch\u00f6nem leuchtend rotem Leineneinband\u00a0 und silbrig gepr\u00e4gter Schrift.<\/p>\n<p><img loading=\"lazy\" decoding=\"async\" class=\"aligncenter size-full wp-image-184\" src=\"http:\/\/blog.4teachers.de\/drachenburg\/files\/2009\/03\/souveraene_leserin.jpg\" alt=\"souveraene_leserin\" width=\"500\" height=\"426\" \/><\/p>\n<p><strong><span style=\"color: #666699\">23.03.2009<\/span><\/strong><\/p>\n<p>Mal sehen, ob das Buch h\u00e4lt, was ich mir davon verspreche.<\/p>\n","protected":false},"excerpt":{"rendered":"<p>09.04.2009 Ich habe mit dem Lesen begonnen. Einige Abschnitte in diesem Buch empfinde ich als Liebeserkl\u00e4rung an das Lesen. Auch wenn andere Stellen eher bitters\u00fc\u00df bis bitterb\u00f6se sind. Grenzt ein Leser seine Familie aus? Ist das schlimm? Ist das Lesen eine notwendige Insel der Erholung, um sich in der Zeit des Nicht-Lesens mit neuer Kraft &hellip; <a href=\"http:\/\/blog4schools.de\/drachenburg\/eine-seite\/leseecke\/die-souverane-leserin\/\" class=\"more-link\"><span class=\"screen-reader-text\">Die souver\u00e4ne Leserin<\/span> weiterlesen <span class=\"meta-nav\">&rarr;<\/span><\/a><\/p>\n","protected":false},"author":4,"featured_media":0,"parent":138,"menu_order":0,"comment_status":"open","ping_status":"open","template":"","meta":{"footnotes":""},"_links":{"self":[{"href":"http:\/\/blog4schools.de\/drachenburg\/wp-json\/wp\/v2\/pages\/166"}],"collection":[{"href":"http:\/\/blog4schools.de\/drachenburg\/wp-json\/wp\/v2\/pages"}],"about":[{"href":"http:\/\/blog4schools.de\/drachenburg\/wp-json\/wp\/v2\/types\/page"}],"author":[{"embeddable":true,"href":"http:\/\/blog4schools.de\/drachenburg\/wp-json\/wp\/v2\/users\/4"}],"replies":[{"embeddable":true,"href":"http:\/\/blog4schools.de\/drachenburg\/wp-json\/wp\/v2\/comments?post=166"}],"version-history":[{"count":0,"href":"http:\/\/blog4schools.de\/drachenburg\/wp-json\/wp\/v2\/pages\/166\/revisions"}],"up":[{"embeddable":true,"href":"http:\/\/blog4schools.de\/drachenburg\/wp-json\/wp\/v2\/pages\/138"}],"wp:attachment":[{"href":"http:\/\/blog4schools.de\/drachenburg\/wp-json\/wp\/v2\/media?parent=166"}],"curies":[{"name":"wp","href":"https:\/\/api.w.org\/{rel}","templated":true}]}}