{"id":169,"date":"2009-03-25T13:59:46","date_gmt":"2009-03-25T12:59:46","guid":{"rendered":"http:\/\/blog.4teachers.de\/drachenburg\/?page_id=169"},"modified":"2009-03-25T13:59:46","modified_gmt":"2009-03-25T12:59:46","slug":"das-magazin","status":"publish","type":"page","link":"http:\/\/blog4schools.de\/drachenburg\/eine-seite\/leseecke\/das-magazin\/","title":{"rendered":"Das Magazin"},"content":{"rendered":"<p>Sehr interessant fand ich die Seiten \u00fcber <a href=\"http:\/\/www.simon-schwartz.de\/main.html\" target=\"_blank\">Simon Schwartz<\/a>.<br \/>\nEs macht gro\u00dfen Spa\u00df, sein\u00a0 Spiel mit der Werbe\u00e4sthetik des 19. Jahrhunderts anzusehen.<\/p>\n<p>&#8230;..<\/p>\n<p style=\"text-align: center\"><img loading=\"lazy\" decoding=\"async\" class=\"aligncenter size-full wp-image-186\" src=\"http:\/\/blog.4teachers.de\/drachenburg\/files\/2009\/03\/magazin.jpg\" alt=\"magazin\" width=\"450\" height=\"356\" \/><\/p>\n<p><span style=\"color: #ffffff\">_<\/span><\/p>\n<p>Sch\u00f6ne Erinnerungen an meine fr\u00fche Lesezeit bescherte mir der Artikel \u00fcber <a href=\"http:\/\/www.reller-rezensionen.de\/kinderbuch\/sutejew-lustige_geschichten.htm\" target=\"_blank\">Wladimir Sutejew<\/a>. Das Buch &#8222;Lustige Geschichten&#8220; habe ich gelesen, bis es auseinander gefallen ist.\u00a0 Mittlerweile geh\u00f6rt das Buch meiner Tochter und sie r\u00fcckt es nicht mehr raus. Deshalb habe ich es mir auf einem Tr\u00f6delmarkt neu gekauft. :-D<\/p>\n<p>Den Artikel k\u00f6nnt ihr <a href=\"http:\/\/www.fcatak.de\/daten\/show\/12magazin\/pdf\/07_10.pdf\" target=\"_blank\">hier<\/a> als PDF-Datei \u00f6ffnen. Er stammt von Georg Barber alias <a href=\"http:\/\/www.fcatak.de\/index2.htm\" target=\"_blank\">ATAK<\/a><strong>.<\/strong><\/p>\n<p><strong><span style=\"color: #ffffff\">_<\/span><br \/>\n<\/strong><\/p>\n","protected":false},"excerpt":{"rendered":"<p>Sehr interessant fand ich die Seiten \u00fcber Simon Schwartz. Es macht gro\u00dfen Spa\u00df, sein\u00a0 Spiel mit der Werbe\u00e4sthetik des 19. Jahrhunderts anzusehen. &#8230;.. _ Sch\u00f6ne Erinnerungen an meine fr\u00fche Lesezeit bescherte mir der Artikel \u00fcber Wladimir Sutejew. Das Buch &#8222;Lustige Geschichten&#8220; habe ich gelesen, bis es auseinander gefallen ist.\u00a0 Mittlerweile geh\u00f6rt das Buch meiner Tochter &hellip; <a href=\"http:\/\/blog4schools.de\/drachenburg\/eine-seite\/leseecke\/das-magazin\/\" class=\"more-link\"><span class=\"screen-reader-text\">Das Magazin<\/span> weiterlesen <span class=\"meta-nav\">&rarr;<\/span><\/a><\/p>\n","protected":false},"author":4,"featured_media":0,"parent":138,"menu_order":0,"comment_status":"closed","ping_status":"closed","template":"","meta":{"footnotes":""},"_links":{"self":[{"href":"http:\/\/blog4schools.de\/drachenburg\/wp-json\/wp\/v2\/pages\/169"}],"collection":[{"href":"http:\/\/blog4schools.de\/drachenburg\/wp-json\/wp\/v2\/pages"}],"about":[{"href":"http:\/\/blog4schools.de\/drachenburg\/wp-json\/wp\/v2\/types\/page"}],"author":[{"embeddable":true,"href":"http:\/\/blog4schools.de\/drachenburg\/wp-json\/wp\/v2\/users\/4"}],"replies":[{"embeddable":true,"href":"http:\/\/blog4schools.de\/drachenburg\/wp-json\/wp\/v2\/comments?post=169"}],"version-history":[{"count":0,"href":"http:\/\/blog4schools.de\/drachenburg\/wp-json\/wp\/v2\/pages\/169\/revisions"}],"up":[{"embeddable":true,"href":"http:\/\/blog4schools.de\/drachenburg\/wp-json\/wp\/v2\/pages\/138"}],"wp:attachment":[{"href":"http:\/\/blog4schools.de\/drachenburg\/wp-json\/wp\/v2\/media?parent=169"}],"curies":[{"name":"wp","href":"https:\/\/api.w.org\/{rel}","templated":true}]}}