{"id":2709,"date":"2009-03-11T21:39:41","date_gmt":"2009-03-11T20:39:41","guid":{"rendered":"http:\/\/blog4schools.de\/drachenburg\/eine-seite\/"},"modified":"2009-03-11T21:39:41","modified_gmt":"2009-03-11T20:39:41","slug":"eine-seite","status":"publish","type":"page","link":"http:\/\/blog4schools.de\/drachenburg\/eine-seite\/","title":{"rendered":"Meine Seite"},"content":{"rendered":"<p>Tjor, ob dieser Blog viel von Schule erz\u00e4hlen will oder mehr von den Dingen au\u00dferhalb selbiger, ist mir noch nicht klar. vielleicht verliere ich den Spa\u00df an diesem Geschreibsel auch schon nach wenigen Eintr\u00e4gen. Ihr werdet es sehen und ich selbst auch :-)<\/p>\n<p>Meine Drachenburg ist besiedelt von kleinen Erst- und Zeitkl\u00e4sslern. Ob wir Lehrer die Drachen sind oder ob wir kleine Drachen h\u00fcten &#8211; ist sicherlich eine Frage des Blickwinkels.<\/p>\n<p>Ich unterrichte in der Schuleingangsstufe. Die Klasse leite ich mit einer tollen Teampartnerin zusammen. Ich bin \u00fcberwiegend der Ansprechpartner f\u00fcr die Erstkl\u00e4ssler, da ich die Teilungsstunden (3x Mathe, 4x Deutsch) mit ihnen habe. Meine Partnerin unterrichtet in diesen Stunden die Kinder der Jahrgangsstufe 2. Die Stunden mit Jahrgangsmischung sind zwischen uns aufgeteilt. In diesen Stunden arbeiten wir h\u00e4ufig mit Wochenpl\u00e4nen oder in Lernwerkst\u00e4tten.<br \/>\nEine Stunde ist von nun an w\u00f6chentlich f\u00fcr den &#8222;Leseraben&#8220; reserviert. Das erste Kapitel hat mich m\u00f6glicherweise dazu inspiriert, den kleinen Mathe-Tr\u00f6delmarkt abzuhalten.<\/p>\n<p>Fortsetzung folgt &#8230;. wahrscheinlich<\/p>\n<p><span style=\"color: #ffffff\">L\u00fccke<\/span><\/p>\n<p><span style=\"color: #ffffff\">L\u00fccke<\/span><\/p>\n<p style=\"text-align: right\"><span style=\"color: #ffffff\"><em><strong>Alle Bilder, die ich hier verwende,<br \/>\nhabe ich selbst gezeichnet oder fotografiert. <\/strong><\/em><\/span><\/p>\n<p><span style=\"color: #ffffff\">L\u00fccke<\/span><\/p>\n<p><span style=\"color: #ffffff\">L\u00fccke<\/span><\/p>\n","protected":false},"excerpt":{"rendered":"<p>Tjor, ob dieser Blog viel von Schule erz\u00e4hlen will oder mehr von den Dingen au\u00dferhalb selbiger, ist mir noch nicht klar. vielleicht verliere ich den Spa\u00df an diesem Geschreibsel auch schon nach wenigen Eintr\u00e4gen. Ihr werdet es sehen und ich selbst auch :-) Meine Drachenburg ist besiedelt von kleinen Erst- und Zeitkl\u00e4sslern. Ob wir Lehrer &hellip; <a href=\"http:\/\/blog4schools.de\/drachenburg\/eine-seite\/\" class=\"more-link\"><span class=\"screen-reader-text\">Meine Seite<\/span> weiterlesen <span class=\"meta-nav\">&rarr;<\/span><\/a><\/p>\n","protected":false},"author":4,"featured_media":0,"parent":0,"menu_order":0,"comment_status":"open","ping_status":"open","template":"","meta":{"footnotes":""},"_links":{"self":[{"href":"http:\/\/blog4schools.de\/drachenburg\/wp-json\/wp\/v2\/pages\/2709"}],"collection":[{"href":"http:\/\/blog4schools.de\/drachenburg\/wp-json\/wp\/v2\/pages"}],"about":[{"href":"http:\/\/blog4schools.de\/drachenburg\/wp-json\/wp\/v2\/types\/page"}],"author":[{"embeddable":true,"href":"http:\/\/blog4schools.de\/drachenburg\/wp-json\/wp\/v2\/users\/4"}],"replies":[{"embeddable":true,"href":"http:\/\/blog4schools.de\/drachenburg\/wp-json\/wp\/v2\/comments?post=2709"}],"version-history":[{"count":0,"href":"http:\/\/blog4schools.de\/drachenburg\/wp-json\/wp\/v2\/pages\/2709\/revisions"}],"wp:attachment":[{"href":"http:\/\/blog4schools.de\/drachenburg\/wp-json\/wp\/v2\/media?parent=2709"}],"curies":[{"name":"wp","href":"https:\/\/api.w.org\/{rel}","templated":true}]}}