{"id":168,"date":"2019-02-07T21:36:15","date_gmt":"2019-02-07T20:36:15","guid":{"rendered":"http:\/\/blog4schools.de\/sommertreffen\/?page_id=168"},"modified":"2019-05-22T11:56:58","modified_gmt":"2019-05-22T09:56:58","slug":"sommertreffen-2019","status":"publish","type":"page","link":"http:\/\/blog4schools.de\/sommertreffen\/?page_id=168","title":{"rendered":"Sommertreffen 2019"},"content":{"rendered":"<p><em><strong>Es ist geschafft, alle Fans des 4teachers Sommertreffens k\u00f6nnen ab heute in ihr<\/strong><\/em><em><strong>em neuen Planer oder in der Leh<\/strong><\/em><em><strong>rerapp festhalten:<\/strong><\/em><\/p>\n<p><em><strong> Das <span style=\"color: #993300;\">SOMMERFEST 2019\u00a0 findet am 27.07.2019<\/span> traditionell in Koblenz statt!<\/strong><\/em><\/p>\n<p><strong><em>Es gibt damit keinen Grund mehr die Urlaubsplanung als Absagegrund einzureichen \ud83d\ude09 , aber viele Gr\u00fcnde die Teilnahme am Sommerfest in Vorfreude festzumachen.<\/em><\/strong><\/p>\n<p><strong><em>Liebe Gr\u00fc\u00dfe vom ganzen Redaktionsteam und wir freuen uns auf euch!<\/em><\/strong><\/p>\n<p><img loading=\"lazy\" decoding=\"async\" class=\"aligncenter wp-image-147 \" src=\"http:\/\/blog4schools.de\/sommertreffen\/wp-content\/uploads\/sites\/13\/2017\/08\/IMG_0195.jpg\" alt=\"\" width=\"770\" height=\"591\" srcset=\"http:\/\/blog4schools.de\/sommertreffen\/wp-content\/uploads\/sites\/13\/2017\/08\/IMG_0195.jpg 990w, http:\/\/blog4schools.de\/sommertreffen\/wp-content\/uploads\/sites\/13\/2017\/08\/IMG_0195-150x115.jpg 150w, http:\/\/blog4schools.de\/sommertreffen\/wp-content\/uploads\/sites\/13\/2017\/08\/IMG_0195-300x230.jpg 300w, http:\/\/blog4schools.de\/sommertreffen\/wp-content\/uploads\/sites\/13\/2017\/08\/IMG_0195-768x590.jpg 768w\" sizes=\"(max-width: 770px) 100vw, 770px\" \/><\/p>\n<p>Wie auch in den vergangenen Jahren finden alle feierfreudigen 4teachers den Link zur <span style=\"color: #993300;\">Anmeldung und Hinweise<\/span> zum Fest auf unserer Seite unter dem Reiter &#8222;Sommertreffen&#8220;. Nat\u00fcrlich freuen wir uns \u00fcber fr\u00fchzeitige und zahlreiche Anmeldungen.<\/p>\n<p>An dieser Stelle noch ein paar kurze Infos \u00fcber den Ablauf f\u00fcr alle insbesondere neuen Sommerfestteilnehmer.<\/p>\n<p>Freitag, 26.07.2019<br \/>\nDer inoffizielle Teil: Wer schon angereist sein sollte ist herzlich dazu eingelanden, sich am Freitag schon mit den anderen Mitgliedern zu treffen. Es gibt zwar kein Programm, aber f\u00fcr Erfrischungsgetr\u00e4nke ist auf jeden Fall gesorgt<\/p>\n<p>Samstag, 27.07.2019<br \/>\nab 15.00 Uhr steht Kaffee &amp; Kuchen bereit<br \/>\n17.00 Uhr: Begr\u00fc\u00dfung u. offizielle Er\u00f6ffnung<br \/>\n19.00 Uhr: Das Buffet wird er\u00f6ffnet<br \/>\nOpen End<\/p>\n<p>Sonntag, 28.07.2019<br \/>\nAus den Erfahrungen der letzten Jahre lassen wir das Sonntagsprogramm offen und entscheiden vor Ort, ob und was gemeinsam unternommen werden soll.<\/p>\n<p>&nbsp;<\/p>\n","protected":false},"excerpt":{"rendered":"<p>Es ist geschafft, alle Fans des 4teachers Sommertreffens k\u00f6nnen ab heute in ihrem neuen Planer oder in der Lehrerapp festhalten: Das SOMMERFEST 2019\u00a0 findet am 27.07.2019 traditionell in Koblenz statt! Es gibt damit keinen Grund mehr die Urlaubsplanung als Absagegrund&hellip; <a href=\"http:\/\/blog4schools.de\/sommertreffen\/?page_id=168\" class=\"more-link\">Weiterlesen <span class=\"meta-nav\">&rarr;<\/span><\/a><\/p>\n","protected":false},"author":8,"featured_media":143,"parent":0,"menu_order":0,"comment_status":"closed","ping_status":"closed","template":"","meta":{"footnotes":""},"_links":{"self":[{"href":"http:\/\/blog4schools.de\/sommertreffen\/index.php?rest_route=\/wp\/v2\/pages\/168"}],"collection":[{"href":"http:\/\/blog4schools.de\/sommertreffen\/index.php?rest_route=\/wp\/v2\/pages"}],"about":[{"href":"http:\/\/blog4schools.de\/sommertreffen\/index.php?rest_route=\/wp\/v2\/types\/page"}],"author":[{"embeddable":true,"href":"http:\/\/blog4schools.de\/sommertreffen\/index.php?rest_route=\/wp\/v2\/users\/8"}],"replies":[{"embeddable":true,"href":"http:\/\/blog4schools.de\/sommertreffen\/index.php?rest_route=%2Fwp%2Fv2%2Fcomments&post=168"}],"version-history":[{"count":5,"href":"http:\/\/blog4schools.de\/sommertreffen\/index.php?rest_route=\/wp\/v2\/pages\/168\/revisions"}],"predecessor-version":[{"id":188,"href":"http:\/\/blog4schools.de\/sommertreffen\/index.php?rest_route=\/wp\/v2\/pages\/168\/revisions\/188"}],"wp:featuredmedia":[{"embeddable":true,"href":"http:\/\/blog4schools.de\/sommertreffen\/index.php?rest_route=\/wp\/v2\/media\/143"}],"wp:attachment":[{"href":"http:\/\/blog4schools.de\/sommertreffen\/index.php?rest_route=%2Fwp%2Fv2%2Fmedia&parent=168"}],"curies":[{"name":"wp","href":"https:\/\/api.w.org\/{rel}","templated":true}]}}