{"id":2,"date":"2015-07-08T10:21:41","date_gmt":"2015-07-08T08:21:41","guid":{"rendered":"http:\/\/blog4schools.de\/sommertreffen\/?page_id=2"},"modified":"2015-07-10T11:33:05","modified_gmt":"2015-07-10T09:33:05","slug":"beispiel-seite","status":"publish","type":"page","link":"http:\/\/blog4schools.de\/sommertreffen\/?page_id=2","title":{"rendered":"Besuchertipps"},"content":{"rendered":"<p style=\"text-align: center;\"><strong><span style=\"color: #339966;\"><em>F\u00fcr unsere Mitglieder, die etwas l\u00e4nger bei userem Treffen bleiben, hier noch einige Tipps f\u00fcr Unternehmungen rund um unser Hauptquartier in Koblenz. <\/em><\/span><\/strong><\/p>\n<p style=\"text-align: center;\"><strong><span style=\"color: #339966;\"><em>Es gibt viel zu sehen und zu Erleben. Viel Spa\u00df!!!<\/em><\/span><\/strong><\/p>\n<p style=\"text-align: left;\"><strong> 1. Koblenz<\/strong><\/p>\n<p style=\"text-align: left;\"><em>Koblenz ist nicht nur eine der \u00e4ltesten St\u00e4dte Deutschlands, sondern auch eine der vielseitigsten: Kirchen, Burgen, Schl\u00f6sser und historische Stadth\u00e4user erz\u00e4hlen Geschichten aus vergangenen Zeiten, verwinkelte Gassen und Pl\u00e4tze laden zum Flanieren und Verweilen ein. Koblenz ist die einzige Stadt an Rhein UND Mosel.<\/em><\/p>\n<p style=\"text-align: left;\"><em>Ein Besuch lohnt sich:<\/em><\/p>\n<p style=\"text-align: left;\"><a href=\"http:\/\/blog4schools.de\/sommertreffen\/wp-content\/uploads\/sites\/13\/2015\/07\/Ansichten_von_Koblenz___Deutsches_Eck__1.jpg\"><img loading=\"lazy\" decoding=\"async\" class=\"alignnone  wp-image-12\" src=\"http:\/\/blog4schools.de\/sommertreffen\/wp-content\/uploads\/sites\/13\/2015\/07\/Ansichten_von_Koblenz___Deutsches_Eck__1-300x200.jpg\" alt=\"Ansichten_von_Koblenz___Deutsches_Eck__1\" width=\"207\" height=\"138\" srcset=\"http:\/\/blog4schools.de\/sommertreffen\/wp-content\/uploads\/sites\/13\/2015\/07\/Ansichten_von_Koblenz___Deutsches_Eck__1-300x200.jpg 300w, http:\/\/blog4schools.de\/sommertreffen\/wp-content\/uploads\/sites\/13\/2015\/07\/Ansichten_von_Koblenz___Deutsches_Eck__1-1024x683.jpg 1024w, http:\/\/blog4schools.de\/sommertreffen\/wp-content\/uploads\/sites\/13\/2015\/07\/Ansichten_von_Koblenz___Deutsches_Eck__1-624x416.jpg 624w\" sizes=\"(max-width: 207px) 100vw, 207px\" \/><\/a>\u00a0 <a href=\"http:\/\/blog4schools.de\/sommertreffen\/wp-content\/uploads\/sites\/13\/2015\/07\/Koblenz___Blick_auf_Schloss_Stolzenfels.jpg\"><img loading=\"lazy\" decoding=\"async\" class=\"alignnone  wp-image-53\" src=\"http:\/\/blog4schools.de\/sommertreffen\/wp-content\/uploads\/sites\/13\/2015\/07\/Koblenz___Blick_auf_Schloss_Stolzenfels-300x225.jpg\" alt=\"Koblenz___Blick_auf_Schloss_Stolzenfels\" width=\"182\" height=\"136\" srcset=\"http:\/\/blog4schools.de\/sommertreffen\/wp-content\/uploads\/sites\/13\/2015\/07\/Koblenz___Blick_auf_Schloss_Stolzenfels-300x225.jpg 300w, http:\/\/blog4schools.de\/sommertreffen\/wp-content\/uploads\/sites\/13\/2015\/07\/Koblenz___Blick_auf_Schloss_Stolzenfels-150x113.jpg 150w, http:\/\/blog4schools.de\/sommertreffen\/wp-content\/uploads\/sites\/13\/2015\/07\/Koblenz___Blick_auf_Schloss_Stolzenfels-1024x768.jpg 1024w\" sizes=\"(max-width: 182px) 100vw, 182px\" \/><\/a>\u00a0<a href=\"http:\/\/blog4schools.de\/sommertreffen\/wp-content\/uploads\/sites\/13\/2015\/07\/Ansichten-von-Koblenz-_-Deutsches-Eck-_3.jpg\"><img loading=\"lazy\" decoding=\"async\" class=\"alignnone  wp-image-60\" src=\"http:\/\/blog4schools.de\/sommertreffen\/wp-content\/uploads\/sites\/13\/2015\/07\/Ansichten-von-Koblenz-_-Deutsches-Eck-_3-300x200.jpg\" alt=\"Ansichten von Koblenz _ Deutsches Eck _3\" width=\"201\" height=\"134\" srcset=\"http:\/\/blog4schools.de\/sommertreffen\/wp-content\/uploads\/sites\/13\/2015\/07\/Ansichten-von-Koblenz-_-Deutsches-Eck-_3-300x200.jpg 300w, http:\/\/blog4schools.de\/sommertreffen\/wp-content\/uploads\/sites\/13\/2015\/07\/Ansichten-von-Koblenz-_-Deutsches-Eck-_3-150x100.jpg 150w, http:\/\/blog4schools.de\/sommertreffen\/wp-content\/uploads\/sites\/13\/2015\/07\/Ansichten-von-Koblenz-_-Deutsches-Eck-_3-1024x683.jpg 1024w\" sizes=\"(max-width: 201px) 100vw, 201px\" \/><\/a><\/p>\n<ul>\n<li style=\"text-align: left;\"><em>\u201eDeutsches Eck\u201c &#8211; dem Zusammenfluss von Rhein und Mosel<\/em><\/li>\n<li style=\"text-align: left;\"><em>Festung Ehrenbreitstein, die zweitgr\u00f6\u00dfte erhaltene Festung Europas 118 m \u00fcber dem Rhein<\/em><\/li>\n<li style=\"text-align: left;\"><em>Schloss Stolzenfels<\/em><\/li>\n<li style=\"text-align: left;\"><em>Romanticum &#8211; auf einem virtuellen Schiff begeben sich die Besucher auf eine multimediale Rheinreise durch das UNESCO-Welterbe \u201eOberes Mittelrheintal\u201c<\/em><\/li>\n<li style=\"text-align: left;\"><em>Shoppen in der Innenstadt<\/em><\/li>\n<\/ul>\n<p style=\"text-align: center;\"><a href=\"http:\/\/blog4schools.de\/sommertreffen\/wp-content\/uploads\/sites\/13\/2015\/07\/kartehoblenz.jpg\"><img loading=\"lazy\" decoding=\"async\" class=\"alignnone size-medium wp-image-58\" src=\"http:\/\/blog4schools.de\/sommertreffen\/wp-content\/uploads\/sites\/13\/2015\/07\/kartehoblenz-300x271.jpg\" alt=\"kartehoblenz\" width=\"300\" height=\"271\" srcset=\"http:\/\/blog4schools.de\/sommertreffen\/wp-content\/uploads\/sites\/13\/2015\/07\/kartehoblenz-300x271.jpg 300w, http:\/\/blog4schools.de\/sommertreffen\/wp-content\/uploads\/sites\/13\/2015\/07\/kartehoblenz-150x136.jpg 150w, http:\/\/blog4schools.de\/sommertreffen\/wp-content\/uploads\/sites\/13\/2015\/07\/kartehoblenz.jpg 479w\" sizes=\"(max-width: 300px) 100vw, 300px\" \/><\/a><\/p>\n<p><strong>2. Burg Eltz<br \/>\n<\/strong><\/p>\n<p style=\"text-align: center;\"><a href=\"http:\/\/blog4schools.de\/sommertreffen\/wp-content\/uploads\/sites\/13\/2015\/07\/Burg-Eltz.jpg\"><img loading=\"lazy\" decoding=\"async\" class=\"alignnone  wp-image-51\" src=\"http:\/\/blog4schools.de\/sommertreffen\/wp-content\/uploads\/sites\/13\/2015\/07\/Burg-Eltz-300x225.jpg\" alt=\"Burg Eltz\" width=\"227\" height=\"170\" srcset=\"http:\/\/blog4schools.de\/sommertreffen\/wp-content\/uploads\/sites\/13\/2015\/07\/Burg-Eltz-300x225.jpg 300w, http:\/\/blog4schools.de\/sommertreffen\/wp-content\/uploads\/sites\/13\/2015\/07\/Burg-Eltz-150x113.jpg 150w, http:\/\/blog4schools.de\/sommertreffen\/wp-content\/uploads\/sites\/13\/2015\/07\/Burg-Eltz.jpg 640w\" sizes=\"(max-width: 227px) 100vw, 227px\" \/><\/a><\/p>\n<p><em>Anfahrt: ca. 26.95 km <\/em><\/p>\n<p><em>\u201eHerzlich Willkommen auf Burg Eltz, einer der sch\u00f6nsten und besterhaltenen Burgen Deutschlands. Wundervoll romantisch gelegen und eingebettet in eine urspr\u00fcngliche Natur, wirkt sie wie ein wahrgewordenes M\u00e4rchenschlo\u00df \u00ad einladend und majest\u00e4tisch zugleich. Hier f\u00fchlt man sich in aufregende, historische Zeiten zur\u00fcckversetzt und ersp\u00fcrt unmittelbar den Geist der Vergangenheit. Tauchen Sie ein in die spannende Geschichte dieser Burg und ihrer Bewohner \u00ad ein Spiegel unterschiedlichster Epochen abendl\u00e4ndischer Kulturgeschichte erwartet Sie.\u201c<\/em><\/p>\n<p><strong>3. Geysir, Andernach<\/strong><\/p>\n<p style=\"text-align: center;\"><a href=\"http:\/\/blog4schools.de\/sommertreffen\/wp-content\/uploads\/sites\/13\/2015\/07\/Kaltwassergeysir-Andernach-_6.jpg\"><img loading=\"lazy\" decoding=\"async\" class=\"alignnone  wp-image-64\" src=\"http:\/\/blog4schools.de\/sommertreffen\/wp-content\/uploads\/sites\/13\/2015\/07\/Kaltwassergeysir-Andernach-_6-225x300.jpg\" alt=\"Kaltwassergeysir Andernach _6\" width=\"143\" height=\"191\" srcset=\"http:\/\/blog4schools.de\/sommertreffen\/wp-content\/uploads\/sites\/13\/2015\/07\/Kaltwassergeysir-Andernach-_6-225x300.jpg 225w, http:\/\/blog4schools.de\/sommertreffen\/wp-content\/uploads\/sites\/13\/2015\/07\/Kaltwassergeysir-Andernach-_6-113x150.jpg 113w, http:\/\/blog4schools.de\/sommertreffen\/wp-content\/uploads\/sites\/13\/2015\/07\/Kaltwassergeysir-Andernach-_6-768x1024.jpg 768w\" sizes=\"(max-width: 143px) 100vw, 143px\" \/><\/a><\/p>\n<p><em>&#8222;Kaltwassergeysire gibt es in Deutschland in der Vulkaneifel. Der Kaltwassergeysir wurde bei der Erschlie\u00dfung von Mineralwasser angetroffen. Er ist in der Eifel touristisch erschlossen. Der andernacher Kaltwassergeysir liegt auf dem Namedyer Werth. Die H\u00f6he der Font\u00e4ne bei technisch kontrollierten Betrieb ist etwa bei 50 bis 60 m.&#8220;<\/em><\/p>\n<p><strong>4. Marksburg, Braubach<br \/>\n<\/strong><\/p>\n<p><em>\u201eDie Marksburg ist die einzige nie zerst\u00f6rte H\u00f6henburg am Mittelrhein,\u00a0 <\/em><em>Der Wert und die Bedeutung unserer Marksburg liegen also vor allem in ihrer vollst\u00e4ndigen Erhaltung als mittelalterliche Wehranlage. Die imposante Festung haupts\u00e4chlich aus dem 14. Jahrhundert staffelt sich mit Bergfried, mehreren Baugruppen, Zwingern und Bastionen auf einem Felskegel \u00fcber dem romantischen St\u00e4dtchen Braubach und erm\u00f6glicht heute \u2013 auch durch sehenswerte, typische Innenr\u00e4ume wie Burgk\u00fcche, Rittersaal, Kemenate, Kapelle, R\u00fcstkammer, Weinkeller, Wehrg\u00e4nge und Turmstuben \u2013 eine Reise ins Mittelalter!.\u201c<\/em><\/p>\n<p><strong>5. Arpmuseum in Remagen<br \/>\n<\/strong><\/p>\n<p><strong>6. Vulkanpark, Landkreis Mayen<br \/>\n<\/strong><\/p>\n<p><strong>7. Benediktinerabtei, Maria Laach<br \/>\n<\/strong><\/p>\n<p style=\"text-align: center;\"><a href=\"http:\/\/blog4schools.de\/sommertreffen\/wp-content\/uploads\/sites\/13\/2015\/07\/maria-Laach-blog.jpg\"><img loading=\"lazy\" decoding=\"async\" class=\" wp-image-52\" src=\"http:\/\/blog4schools.de\/sommertreffen\/wp-content\/uploads\/sites\/13\/2015\/07\/maria-Laach-blog-300x225.jpg\" alt=\"OLYMPUS DIGITAL CAMERA\" width=\"216\" height=\"162\" srcset=\"http:\/\/blog4schools.de\/sommertreffen\/wp-content\/uploads\/sites\/13\/2015\/07\/maria-Laach-blog-300x225.jpg 300w, http:\/\/blog4schools.de\/sommertreffen\/wp-content\/uploads\/sites\/13\/2015\/07\/maria-Laach-blog-150x113.jpg 150w, http:\/\/blog4schools.de\/sommertreffen\/wp-content\/uploads\/sites\/13\/2015\/07\/maria-Laach-blog-1024x768.jpg 1024w\" sizes=\"(max-width: 216px) 100vw, 216px\" \/><\/a><\/p>\n<p><em>&#8222;Die Benediktinerabtei Maria Laach befindet sich in einer der j\u00fcngsten Landschaften Europas, der Vulkaneifel. Um 10.000 v. Chr. entstand durch Vulkanismus der Laacher See und die ihn umgebende H\u00fcgelkette.\u00a0<\/em><br \/>\n<em> Zu den besonderen Sehensw\u00fcrdigkeiten der Abtei Maria Laach z\u00e4hlt die Klosterkirche mit ihrem Stiftergrabmal aus dem 13. Jahrhundert. <\/em><em>\u00a0Zur Abtei geh\u00f6ren unter anderem auch eine Buchhandlung, ein Hotel sowie handwerkliche und landwirtschaftliche Betriebe und eine G\u00e4rtnerei.&#8220;<\/em><\/p>\n<p class=\"wp-caption-dd\">\n","protected":false},"excerpt":{"rendered":"<p>F\u00fcr unsere Mitglieder, die etwas l\u00e4nger bei userem Treffen bleiben, hier noch einige Tipps f\u00fcr Unternehmungen rund um unser Hauptquartier in Koblenz. Es gibt viel zu sehen und zu Erleben. Viel Spa\u00df!!! 1. Koblenz Koblenz ist nicht nur eine der&hellip; <a href=\"http:\/\/blog4schools.de\/sommertreffen\/?page_id=2\" class=\"more-link\">Weiterlesen <span class=\"meta-nav\">&rarr;<\/span><\/a><\/p>\n","protected":false},"author":8,"featured_media":0,"parent":0,"menu_order":0,"comment_status":"open","ping_status":"open","template":"","meta":{"footnotes":""},"_links":{"self":[{"href":"http:\/\/blog4schools.de\/sommertreffen\/index.php?rest_route=\/wp\/v2\/pages\/2"}],"collection":[{"href":"http:\/\/blog4schools.de\/sommertreffen\/index.php?rest_route=\/wp\/v2\/pages"}],"about":[{"href":"http:\/\/blog4schools.de\/sommertreffen\/index.php?rest_route=\/wp\/v2\/types\/page"}],"author":[{"embeddable":true,"href":"http:\/\/blog4schools.de\/sommertreffen\/index.php?rest_route=\/wp\/v2\/users\/8"}],"replies":[{"embeddable":true,"href":"http:\/\/blog4schools.de\/sommertreffen\/index.php?rest_route=%2Fwp%2Fv2%2Fcomments&post=2"}],"version-history":[{"count":16,"href":"http:\/\/blog4schools.de\/sommertreffen\/index.php?rest_route=\/wp\/v2\/pages\/2\/revisions"}],"predecessor-version":[{"id":68,"href":"http:\/\/blog4schools.de\/sommertreffen\/index.php?rest_route=\/wp\/v2\/pages\/2\/revisions\/68"}],"wp:attachment":[{"href":"http:\/\/blog4schools.de\/sommertreffen\/index.php?rest_route=%2Fwp%2Fv2%2Fmedia&parent=2"}],"curies":[{"name":"wp","href":"https:\/\/api.w.org\/{rel}","templated":true}]}}