{"id":38,"date":"2015-07-09T19:00:23","date_gmt":"2015-07-09T17:00:23","guid":{"rendered":"http:\/\/blog4schools.de\/sommertreffen\/?page_id=38"},"modified":"2015-07-09T19:00:23","modified_gmt":"2015-07-09T17:00:23","slug":"www-4teachers-de-sommertreffen","status":"publish","type":"page","link":"http:\/\/blog4schools.de\/sommertreffen\/?page_id=38","title":{"rendered":"www.4teachers.de SOMMERTREFFEN"},"content":{"rendered":"<h2 style=\"text-align: center;\"><em><span style=\"color: #008000;\">Tradition der Sommertreffen &#8211; einfach toll!!! \ud83d\ude42<\/span><\/em><\/h2>\n<p><a href=\"http:\/\/blog4schools.de\/sommertreffen\/wp-content\/uploads\/sites\/13\/2015\/07\/Bild2.png\"><img loading=\"lazy\" decoding=\"async\" class=\" size-full wp-image-39 aligncenter\" src=\"http:\/\/blog4schools.de\/sommertreffen\/wp-content\/uploads\/sites\/13\/2015\/07\/Bild2.png\" alt=\"Bild2\" width=\"294\" height=\"197\" srcset=\"http:\/\/blog4schools.de\/sommertreffen\/wp-content\/uploads\/sites\/13\/2015\/07\/Bild2.png 294w, http:\/\/blog4schools.de\/sommertreffen\/wp-content\/uploads\/sites\/13\/2015\/07\/Bild2-150x101.png 150w\" sizes=\"(max-width: 294px) 100vw, 294px\" \/><\/a><\/p>\n<p style=\"text-align: center;\"><em><span style=\"color: #008000;\">Vor \u00fcber zehn Jahren schw\u00e4tzten einige Mitglieder der Community im Chat \u00fcber Dies und Das und Jenes. Aus dieser lustigen Runde heraus entstand die Idee sich doch einmal in Realit\u00e4t zu treffen. Das erste Treffen wurde noch im gleichen Jahr verwirktlich. Es folgten tolle Treffen in der Sch\u00fctzenhalle, im Tennisheim und im Hauptquartier. In jedem Jahr gab es Highlights wie ein Kickerturnier, verschiedene Spiele, der Besuch der Buga, gemeinsames &#8222;Rhein in Flammen&#8220; schauen, Besuch beim Gauklerfest, Verlosung eines AktivWhiteboards und einer genialen Reise, einer Fahrt zum Winzer und vieles mehr. Immer wieder waren unsere drei tollen Tage von einer gem\u00fctlichen und fr\u00f6hlichen Atmosph\u00e4re der Begegnung und des Kennenlernens getragen. Es entstanden Freundschaften und auch enge Partnerschaften. Auch regionale Treffen der 4teas zeigen immer wieder unseren l\u00e4nder\u00fcbergreifenden Zusammenhalt &#8211; eben der 4teachers Familie.<\/span> <\/em><\/p>\n<p style=\"text-align: center;\"><a href=\"http:\/\/blog4schools.de\/sommertreffen\/wp-content\/uploads\/sites\/13\/2015\/07\/Hinweisschild.jpg\"><img loading=\"lazy\" decoding=\"async\" class=\"alignnone  wp-image-41\" src=\"http:\/\/blog4schools.de\/sommertreffen\/wp-content\/uploads\/sites\/13\/2015\/07\/Hinweisschild-300x218.jpg\" alt=\"Hinweisschild\" width=\"189\" height=\"137\" srcset=\"http:\/\/blog4schools.de\/sommertreffen\/wp-content\/uploads\/sites\/13\/2015\/07\/Hinweisschild-300x218.jpg 300w, http:\/\/blog4schools.de\/sommertreffen\/wp-content\/uploads\/sites\/13\/2015\/07\/Hinweisschild-150x109.jpg 150w, http:\/\/blog4schools.de\/sommertreffen\/wp-content\/uploads\/sites\/13\/2015\/07\/Hinweisschild-1024x745.jpg 1024w, http:\/\/blog4schools.de\/sommertreffen\/wp-content\/uploads\/sites\/13\/2015\/07\/Hinweisschild.jpg 1360w\" sizes=\"(max-width: 189px) 100vw, 189px\" \/> <\/a><a href=\"http:\/\/blog4schools.de\/sommertreffen\/wp-content\/uploads\/sites\/13\/2015\/07\/Bild7.png\"><img loading=\"lazy\" decoding=\"async\" class=\"alignnone  wp-image-40\" src=\"http:\/\/blog4schools.de\/sommertreffen\/wp-content\/uploads\/sites\/13\/2015\/07\/Bild7.png\" alt=\"Bild7\" width=\"224\" height=\"139\" srcset=\"http:\/\/blog4schools.de\/sommertreffen\/wp-content\/uploads\/sites\/13\/2015\/07\/Bild7.png 292w, http:\/\/blog4schools.de\/sommertreffen\/wp-content\/uploads\/sites\/13\/2015\/07\/Bild7-150x93.png 150w\" sizes=\"(max-width: 224px) 100vw, 224px\" \/><\/a><\/p>\n<p style=\"text-align: center;\"><a href=\"http:\/\/blog4schools.de\/sommertreffen\/wp-content\/uploads\/sites\/13\/2015\/07\/sommerfest2014panorama.png\"><img loading=\"lazy\" decoding=\"async\" class=\"alignnone  wp-image-42\" src=\"http:\/\/blog4schools.de\/sommertreffen\/wp-content\/uploads\/sites\/13\/2015\/07\/sommerfest2014panorama-300x300.png\" alt=\"sommerfest2014panorama\" width=\"357\" height=\"357\" srcset=\"http:\/\/blog4schools.de\/sommertreffen\/wp-content\/uploads\/sites\/13\/2015\/07\/sommerfest2014panorama-300x300.png 300w, http:\/\/blog4schools.de\/sommertreffen\/wp-content\/uploads\/sites\/13\/2015\/07\/sommerfest2014panorama-150x150.png 150w, http:\/\/blog4schools.de\/sommertreffen\/wp-content\/uploads\/sites\/13\/2015\/07\/sommerfest2014panorama-50x50.png 50w, http:\/\/blog4schools.de\/sommertreffen\/wp-content\/uploads\/sites\/13\/2015\/07\/sommerfest2014panorama.png 368w\" sizes=\"(max-width: 357px) 100vw, 357px\" \/><\/a><\/p>\n","protected":false},"excerpt":{"rendered":"<p>Tradition der Sommertreffen &#8211; einfach toll!!! \ud83d\ude42 Vor \u00fcber zehn Jahren schw\u00e4tzten einige Mitglieder der Community im Chat \u00fcber Dies und Das und Jenes. Aus dieser lustigen Runde heraus entstand die Idee sich doch einmal in Realit\u00e4t zu treffen. Das&hellip; <a href=\"http:\/\/blog4schools.de\/sommertreffen\/?page_id=38\" class=\"more-link\">Weiterlesen <span class=\"meta-nav\">&rarr;<\/span><\/a><\/p>\n","protected":false},"author":8,"featured_media":0,"parent":0,"menu_order":0,"comment_status":"open","ping_status":"open","template":"","meta":{"footnotes":""},"_links":{"self":[{"href":"http:\/\/blog4schools.de\/sommertreffen\/index.php?rest_route=\/wp\/v2\/pages\/38"}],"collection":[{"href":"http:\/\/blog4schools.de\/sommertreffen\/index.php?rest_route=\/wp\/v2\/pages"}],"about":[{"href":"http:\/\/blog4schools.de\/sommertreffen\/index.php?rest_route=\/wp\/v2\/types\/page"}],"author":[{"embeddable":true,"href":"http:\/\/blog4schools.de\/sommertreffen\/index.php?rest_route=\/wp\/v2\/users\/8"}],"replies":[{"embeddable":true,"href":"http:\/\/blog4schools.de\/sommertreffen\/index.php?rest_route=%2Fwp%2Fv2%2Fcomments&post=38"}],"version-history":[{"count":1,"href":"http:\/\/blog4schools.de\/sommertreffen\/index.php?rest_route=\/wp\/v2\/pages\/38\/revisions"}],"predecessor-version":[{"id":44,"href":"http:\/\/blog4schools.de\/sommertreffen\/index.php?rest_route=\/wp\/v2\/pages\/38\/revisions\/44"}],"wp:attachment":[{"href":"http:\/\/blog4schools.de\/sommertreffen\/index.php?rest_route=%2Fwp%2Fv2%2Fmedia&parent=38"}],"curies":[{"name":"wp","href":"https:\/\/api.w.org\/{rel}","templated":true}]}}