{"id":2,"date":"2023-09-20T16:21:03","date_gmt":"2023-09-20T14:21:03","guid":{"rendered":"https:\/\/blog4schools.de\/cjd\/?page_id=2"},"modified":"2024-06-05T21:34:27","modified_gmt":"2024-06-05T19:34:27","slug":"beispiel-seite","status":"publish","type":"page","link":"https:\/\/blog4schools.de\/cjd\/beispiel-seite\/","title":{"rendered":"Das sind wir!"},"content":{"rendered":"<p><img loading=\"lazy\" decoding=\"async\" class=\"alignnone size-medium wp-image-47\" src=\"http:\/\/blog4schools.de\/cjd\/wp-content\/uploads\/sites\/35\/2023\/09\/cropped-MicrosoftTeams-image-1-1-scaled-1-300x300.jpg\" alt=\"\" width=\"300\" height=\"300\" srcset=\"https:\/\/blog4schools.de\/cjd\/wp-content\/uploads\/sites\/35\/2023\/09\/cropped-MicrosoftTeams-image-1-1-scaled-1-300x300.jpg 300w, https:\/\/blog4schools.de\/cjd\/wp-content\/uploads\/sites\/35\/2023\/09\/cropped-MicrosoftTeams-image-1-1-scaled-1-150x150.jpg 150w, https:\/\/blog4schools.de\/cjd\/wp-content\/uploads\/sites\/35\/2023\/09\/cropped-MicrosoftTeams-image-1-1-scaled-1-50x50.jpg 50w, https:\/\/blog4schools.de\/cjd\/wp-content\/uploads\/sites\/35\/2023\/09\/cropped-MicrosoftTeams-image-1-1-scaled-1-270x270.jpg 270w, https:\/\/blog4schools.de\/cjd\/wp-content\/uploads\/sites\/35\/2023\/09\/cropped-MicrosoftTeams-image-1-1-scaled-1-192x192.jpg 192w, https:\/\/blog4schools.de\/cjd\/wp-content\/uploads\/sites\/35\/2023\/09\/cropped-MicrosoftTeams-image-1-1-scaled-1-180x180.jpg 180w, https:\/\/blog4schools.de\/cjd\/wp-content\/uploads\/sites\/35\/2023\/09\/cropped-MicrosoftTeams-image-1-1-scaled-1-32x32.jpg 32w, https:\/\/blog4schools.de\/cjd\/wp-content\/uploads\/sites\/35\/2023\/09\/cropped-MicrosoftTeams-image-1-1-scaled-1.jpg 512w\" sizes=\"(max-width: 300px) 100vw, 300px\" \/><\/p>\r\n<p>Hallo in alle Richtungen,<\/p>\r\n<p>wir sind der neue Ganztagskurs, die <strong>Fl\u00fcstert\u00fcte<\/strong> mit den &#8222;News\u201c der CJD Sekundarschule Versmold. Wir setzen uns aus allen Klassen des 8. Jahrgangs mit 17 bis 18 Sch\u00fclerinnen und Sch\u00fclern zusammen und unsere Kursleiterin ist Frau Rottmann.<\/p>\r\n<p>Wir schreiben Blogartikel \u00fcber unseren Schulalltag, um zu zeigen, was wir an unserer Schule aktuell alles so Tolles machen und zu verschiedenen Themen, die uns interessieren wie zum Beispiel &#8222;Rund um den Fu\u00dfball&#8220;. Daneben bereiten wir f\u00fcr Interviews vor, halten diese und schreiben dann Artikel \u00fcber Pers\u00f6nlichkeiten aus der Schule in der Rubrik &#8222;Leute, Leute&#8220;. Wir treffen uns immer mittwochs in der 5. und 6. Stunde gegen\u00fcber vom PC-Raum an der Schulstra\u00dfe und arbeiten gemeinsam an den Artikeln.<\/p>\r\n<p><strong><em>Wir sind:<\/em><\/strong><br \/><strong>Trimester I<\/strong> (SJ 2023-24): <em>Amir, Arijan, Elia, Enrico, Ionela, Joel, Julia, Juslin, Lajal, Leo, Marianne, Max, Neele, Quentin, Sandro, Sophie, Tanja, Tim und Timo<\/em><\/p>\r\n<p><strong>Trimester II<\/strong> (SJ 2023-24): <em>Anhelina, David, Dogukan, Fabian, Fatema, Ikhlas, Kim, Lais, Lara, Lines, Maddox, Melissa, Mia, Robin, Simafa, Tjorben, Tyler, Xiana<br \/><br \/><\/em><strong>Trimester III<\/strong> (SJ 2023-24): <em>Andreea, Anna, Ava, Ben, Can, David, Diana, Jarno, Joline, Julius, Leonie, Mikolaj, Naia, Nick, Polina, Sonja, Timm, Tyler<br \/><br \/><\/em><strong>Trimester IV<\/strong> (SJ 2023\/24): <em>Bruno, Cudi, Dan, Dogukan, Erik, Henry, Jan, Katharina, Lea, L\u00e9ia, Maddox, Marie, Mischa, Paul, Raoul, Sabah, Seyed<\/em><\/p>\r\n","protected":false},"excerpt":{"rendered":"<p>Hallo in alle Richtungen, wir sind der neue Ganztagskurs, die Fl\u00fcstert\u00fcte mit den &#8222;News\u201c der CJD Sekundarschule Versmold. Wir setzen uns aus allen Klassen des 8. Jahrgangs mit 17 bis 18 Sch\u00fclerinnen und Sch\u00fclern zusammen und unsere Kursleiterin ist Frau&hellip; <a href=\"https:\/\/blog4schools.de\/cjd\/beispiel-seite\/\" class=\"more-link\">Weiterlesen <span class=\"meta-nav\">&rarr;<\/span><\/a><\/p>\n","protected":false},"author":219,"featured_media":0,"parent":0,"menu_order":0,"comment_status":"closed","ping_status":"open","template":"","meta":{"footnotes":""},"_links":{"self":[{"href":"https:\/\/blog4schools.de\/cjd\/wp-json\/wp\/v2\/pages\/2"}],"collection":[{"href":"https:\/\/blog4schools.de\/cjd\/wp-json\/wp\/v2\/pages"}],"about":[{"href":"https:\/\/blog4schools.de\/cjd\/wp-json\/wp\/v2\/types\/page"}],"author":[{"embeddable":true,"href":"https:\/\/blog4schools.de\/cjd\/wp-json\/wp\/v2\/users\/219"}],"replies":[{"embeddable":true,"href":"https:\/\/blog4schools.de\/cjd\/wp-json\/wp\/v2\/comments?post=2"}],"version-history":[{"count":16,"href":"https:\/\/blog4schools.de\/cjd\/wp-json\/wp\/v2\/pages\/2\/revisions"}],"predecessor-version":[{"id":304,"href":"https:\/\/blog4schools.de\/cjd\/wp-json\/wp\/v2\/pages\/2\/revisions\/304"}],"wp:attachment":[{"href":"https:\/\/blog4schools.de\/cjd\/wp-json\/wp\/v2\/media?parent=2"}],"curies":[{"name":"wp","href":"https:\/\/api.w.org\/{rel}","templated":true}]}}