{"id":41,"date":"2023-09-26T17:47:09","date_gmt":"2023-09-26T15:47:09","guid":{"rendered":"https:\/\/blog4schools.de\/cjd\/?page_id=41"},"modified":"2023-10-25T19:42:24","modified_gmt":"2023-10-25T17:42:24","slug":"impressum","status":"publish","type":"page","link":"https:\/\/blog4schools.de\/cjd\/impressum\/","title":{"rendered":"Impressum"},"content":{"rendered":"<p>Bei Hinweisen und Anregungen oder Beschwerden wenden Sie sich bitte zun\u00e4chst an die Verantwortlichen f\u00fcr die Webseite:<\/p>\n<p>Schulleiterin Frau Annika Harke<\/p>\n<p><strong>oder <\/strong><\/p>\n<p>Frau Sandra Rottmann (Kursleiterin des Ganztagskurses Sch\u00fclerzeitung \u2013 verantwortlich f\u00fcr redaktionelle Arbeiten)<\/p>\n<p><strong>CJD Sekundarschule Versmold<\/strong><\/p>\n<p>33775 Versmold<\/p>\n<p>Sch\u00fctzenstr. 4\u00a0\u00a0\u00a0\u00a0\u00a0\u00a0\u00a0\u00a0\u00a0\u00a0\u00a0\u00a0\u00a0\u00a0\u00a0\u00a0\u00a0\u00a0\u00a0\u00a0\u00a0\u00a0\u00a0\u00a0\u00a0\u00a0\u00a0\u00a0\u00a0\u00a0\u00a0\u00a0\u00a0\u00a0\u00a0\u00a0\u00a0\u00a0\u00a0\u00a0\u00a0\u00a0\u00a0\u00a0\u00a0\u00a0\u00a0\u00a0\u00a0\u00a0\u00a0\u00a0\u00a0\u00a0\u00a0\u00a0\u00a0\u00a0\u00a0\u00a0\u00a0 Schulstr. 14<\/p>\n<p>Tel: (0 54 23) \u00a0944 011\u00a0\u00a0\u00a0\u00a0\u00a0\u00a0\u00a0\u00a0\u00a0\u00a0\u00a0\u00a0\u00a0\u00a0\u00a0\u00a0\u00a0\u00a0\u00a0\u00a0\u00a0\u00a0\u00a0\u00a0\u00a0\u00a0\u00a0\u00a0\u00a0\u00a0\u00a0\u00a0 \u00a0\u00a0\u00a0\u00a0\u00a0\u00a0\u00a0\u00a0\u00a0\u00a0\u00a0\u00a0\u00a0\u00a0 (0 54 23) 944 041<\/p>\n<p>E-Mail:\u00a0 cjd-sekundar-schule-versmold@t-online.de<\/p>\n<p>Die Nutzung von Fotos, Grafiken und Texten unserer Seite ist nur nach <strong>schriftlicher<\/strong> Genehmigung durch die Redaktion gestattet.<\/p>\n<p>F\u00fcr die Inhalte schulfremder Internetseiten, die durch Links von unserer Homepage aus erreicht werden k\u00f6nnen, \u00fcbernimmt die Schule keine Verantwortung.<\/p>\n","protected":false},"excerpt":{"rendered":"<p>Bei Hinweisen und Anregungen oder Beschwerden wenden Sie sich bitte zun\u00e4chst an die Verantwortlichen f\u00fcr die Webseite: Schulleiterin Frau Annika Harke oder Frau Sandra Rottmann (Kursleiterin des Ganztagskurses Sch\u00fclerzeitung \u2013 verantwortlich f\u00fcr redaktionelle Arbeiten) CJD Sekundarschule Versmold 33775 Versmold Sch\u00fctzenstr.&hellip; <a href=\"https:\/\/blog4schools.de\/cjd\/impressum\/\" class=\"more-link\">Weiterlesen <span class=\"meta-nav\">&rarr;<\/span><\/a><\/p>\n","protected":false},"author":219,"featured_media":0,"parent":0,"menu_order":0,"comment_status":"closed","ping_status":"closed","template":"","meta":{"footnotes":""},"_links":{"self":[{"href":"https:\/\/blog4schools.de\/cjd\/wp-json\/wp\/v2\/pages\/41"}],"collection":[{"href":"https:\/\/blog4schools.de\/cjd\/wp-json\/wp\/v2\/pages"}],"about":[{"href":"https:\/\/blog4schools.de\/cjd\/wp-json\/wp\/v2\/types\/page"}],"author":[{"embeddable":true,"href":"https:\/\/blog4schools.de\/cjd\/wp-json\/wp\/v2\/users\/219"}],"replies":[{"embeddable":true,"href":"https:\/\/blog4schools.de\/cjd\/wp-json\/wp\/v2\/comments?post=41"}],"version-history":[{"count":7,"href":"https:\/\/blog4schools.de\/cjd\/wp-json\/wp\/v2\/pages\/41\/revisions"}],"predecessor-version":[{"id":106,"href":"https:\/\/blog4schools.de\/cjd\/wp-json\/wp\/v2\/pages\/41\/revisions\/106"}],"wp:attachment":[{"href":"https:\/\/blog4schools.de\/cjd\/wp-json\/wp\/v2\/media?parent=41"}],"curies":[{"name":"wp","href":"https:\/\/api.w.org\/{rel}","templated":true}]}}