{"id":48,"date":"2022-11-20T22:48:57","date_gmt":"2022-11-20T21:48:57","guid":{"rendered":"https:\/\/blog4schools.de\/zeitungsleser\/?page_id=48"},"modified":"2023-02-02T15:51:09","modified_gmt":"2023-02-02T14:51:09","slug":"9-sonstiges","status":"publish","type":"page","link":"https:\/\/blog4schools.de\/zeitungsleser\/9-sonstiges\/","title":{"rendered":"K) Sonstiges"},"content":{"rendered":"<p><strong>Weitere Ideen, auch gut geeignet als Pr\u00fcfungsleistung<\/strong><\/p>\n<ul>\n<li>Kinderseite in der Landeszeitung: Sinnvoll? Zeitgem\u00e4\u00df? Wen erreicht sie? Verbesserungsvorschl\u00e4ge<\/li>\n<li>Was wollen SuS eigentlich in der Tageszeitung sehen? Andere Dinge als im Fernsehen? Andere Dinge als im Internet?<\/li>\n<li>Spezielle Aufgaben f\u00fcr ukrainische SuS in der Klasse?<\/li>\n<li>Wie geht man mit SuS um, die aus Querdenker-Familien kommen?<\/li>\n<\/ul>\n<p><strong>Schulkino<\/strong><\/p>\n<p>Tausend Zeilen Die Mediensatire TAUSEND ZEILEN von Regisseur Michael Bully Herbig (BALLON) basiert auf dem Buch \u200b\u201eTausend Zeilen L\u00fcge\u201c von Juan Moreno, in dem er die Machenschaften des Spiegel-Reporters Claas Relotius aufdeckte. \u200b\u201e\u00c4hnlichkeiten mit unwahren Ereignissen k\u00f6nnten zuf\u00e4llig zutreffen. Die Fakten werden aber mit Sicherheit verdreht, damit\u2019s am Ende stimmt!\u201c (Michael Bully Herbig)<\/p>\n<p>Klassenarbeiten zu dem Projekt<\/p>\n<p><img decoding=\"async\" src=\"https:\/\/trello.com\/1\/cards\/638cb974cf6d340098b11747\/attachments\/638cb976429578011ea54e5c\/download\/Bild.jpeg\" \/><\/p>\n<p><img decoding=\"async\" src=\"https:\/\/trello.com\/1\/cards\/638cb97c056a3001e4c6cdfa\/attachments\/638cb97e518f5900754a93ae\/download\/Bild.jpeg\" \/><\/p>\n<p><img decoding=\"async\" src=\"https:\/\/trello.com\/1\/cards\/638cb983dc897c01311d06a6\/attachments\/638cb986ebb9f90126ff604a\/download\/Bild.jpeg\" \/><\/p>\n<p><img decoding=\"async\" src=\"https:\/\/trello.com\/1\/cards\/638cb988a33f1501b7fe4910\/attachments\/638cb98b5e63c303f8165d35\/download\/Bild.jpeg\" \/><\/p>\n<p><strong>Feedback<\/strong><\/p>\n<p>H\u00f6r dir die neuste Folge meines Podcasts an: Zeitungsleser-Weltentdecker <a href=\"https:\/\/anchor.fm\/britta-fl366ring\/episodes\/Zeitungsleser-Weltentdecker-e16gaap\">https:\/\/anchor.fm\/britta-fl366ring\/episodes\/Zeitungsleser-Weltentdecker-e16gaap<\/a><\/p>\n<p><strong>Erkl\u00e4rfilm zum Projekt &#8222;Zeitungsleser-Weltentdecker&#8220;<\/strong><\/p>\n<p><iframe loading=\"lazy\" title=\"Zeitungsleser Weltentdecker - Projekt zur Lesef\u00f6rderung in L\u00fcneburg\" width=\"604\" height=\"340\" src=\"https:\/\/www.youtube.com\/embed\/03TEfaEEFnc?feature=oembed\" frameborder=\"0\" allow=\"accelerometer; autoplay; clipboard-write; encrypted-media; gyroscope; picture-in-picture; web-share\" referrerpolicy=\"strict-origin-when-cross-origin\" allowfullscreen><\/iframe><\/p>\n<p>&nbsp;<\/p>\n","protected":false},"excerpt":{"rendered":"<p>Weitere Ideen, auch gut geeignet als Pr\u00fcfungsleistung Kinderseite in der Landeszeitung: Sinnvoll? Zeitgem\u00e4\u00df? Wen erreicht sie? Verbesserungsvorschl\u00e4ge Was wollen SuS eigentlich in der Tageszeitung sehen? Andere Dinge als im Fernsehen? Andere Dinge als im Internet? Spezielle Aufgaben f\u00fcr ukrainische SuS in der Klasse? Wie geht man mit SuS um, die aus Querdenker-Familien kommen? Schulkino Tausend &hellip; <a href=\"https:\/\/blog4schools.de\/zeitungsleser\/9-sonstiges\/\" class=\"more-link\"><span class=\"screen-reader-text\">K) Sonstiges<\/span> weiterlesen <span class=\"meta-nav\">&rarr;<\/span><\/a><\/p>\n","protected":false},"author":165,"featured_media":0,"parent":0,"menu_order":0,"comment_status":"closed","ping_status":"closed","template":"","meta":{"footnotes":""},"_links":{"self":[{"href":"https:\/\/blog4schools.de\/zeitungsleser\/wp-json\/wp\/v2\/pages\/48"}],"collection":[{"href":"https:\/\/blog4schools.de\/zeitungsleser\/wp-json\/wp\/v2\/pages"}],"about":[{"href":"https:\/\/blog4schools.de\/zeitungsleser\/wp-json\/wp\/v2\/types\/page"}],"author":[{"embeddable":true,"href":"https:\/\/blog4schools.de\/zeitungsleser\/wp-json\/wp\/v2\/users\/165"}],"replies":[{"embeddable":true,"href":"https:\/\/blog4schools.de\/zeitungsleser\/wp-json\/wp\/v2\/comments?post=48"}],"version-history":[{"count":5,"href":"https:\/\/blog4schools.de\/zeitungsleser\/wp-json\/wp\/v2\/pages\/48\/revisions"}],"predecessor-version":[{"id":108,"href":"https:\/\/blog4schools.de\/zeitungsleser\/wp-json\/wp\/v2\/pages\/48\/revisions\/108"}],"wp:attachment":[{"href":"https:\/\/blog4schools.de\/zeitungsleser\/wp-json\/wp\/v2\/media?parent=48"}],"curies":[{"name":"wp","href":"https:\/\/api.w.org\/{rel}","templated":true}]}}