{"id":9,"date":"2022-11-20T22:32:58","date_gmt":"2022-11-20T21:32:58","guid":{"rendered":"https:\/\/blog4schools.de\/zeitungsleser\/?page_id=9"},"modified":"2023-02-02T15:27:16","modified_gmt":"2023-02-02T14:27:16","slug":"wie-kam-es-zu-diesem-projekt","status":"publish","type":"page","link":"https:\/\/blog4schools.de\/zeitungsleser\/wie-kam-es-zu-diesem-projekt\/","title":{"rendered":"A) Wie kam es zu diesem Projekt? Sekund\u00e4rwissen"},"content":{"rendered":"<p><strong>\u201eZeitungsleser-Weltentdecker\u201c<\/strong><\/p>\n<p>Das Projekt \u201eZeitungsleser-Weltentdecker\u201c ist ein Projekt zur Lesef\u00f6rderung in Kooperation mit der Landeszeitung L\u00fcneburg. Ausgangspunkt f\u00fcr dieses Projekt war die PISA-Studie, die seit dem Jahr 2000 alle drei Jahre durchgef\u00fchrt wird. Die PISA-Studie misst alltags- und berufsrelevante Kenntnisse und F\u00e4higkeiten von f\u00fcnfzehnj\u00e4hrigen Sch\u00fcler*innen in verschiedenen Bereichen, wie Lesen, Mathematik und Naturwissenschaften. Die ersten Ergebnisse wurden am 4. Dezember 2001 ver\u00f6ffentlicht. Die Leistungen der deutschen Sch\u00fcler*innen lagen dabei im unteren Drittel. Die Ergebnisse dieser Ver\u00f6ffentlichung werden auch als \u201ePISA-Schock\u201c bezeichnet. Die Ergebnisse f\u00fchrten zu einigen Ver\u00e4nderungen im deutschen Bildungssystem, wie zum Beispiel der Konzeption von neunen Bildungsstandards, dem Ausbau von Ganztagsschulen und der Beteiligung des Bundes an der Finanzierung.<\/p>\n<p>Im Jahr 2007 reagierte L\u00fcneburg mit verschiedenen Projekten auf den PISA-Schock. Eines dieser Projekte war \u201eZeitungsleser-Weltentdecker\u201c. Momentan befindet sich das Projekt \u201eZeitungsleser-Weltentdecker im 13. Durchgang. Die Idee des Projektes ist, Sch\u00fcler*innen aus bildungsfernen Schichten mit dem Medium der Tageszeiten vertraut zu machen. Daf\u00fcr lesen die Sch\u00fcler*innen f\u00fcnf Wochen lang t\u00e4glich die Zeitung in der Schule und Studierende betreuen die teilnehmenden Schulklassen. Die Klassen von F\u00f6rder- und Hauptschulen erhalten dabei die Printausgaben der Zeitung und einen digitalen Zugang. Die Realschulen und Berufsbildenden Schulen hingegen erhalten nur in der ersten drei Wochen die Printausgabe und die den letzten zwei Wochen arbeiten sie ausschlie\u00dflich \u00fcber den digitalen Zugang.<\/p>\n<p>Unter dem folgenden Link findet ihr eine PowerPoint Pr\u00e4sentation dazu.<\/p>\n<p><a href=\"https:\/\/trello.com\/1\/cards\/635a66f4344e53006154b8fe\/attachments\/635a6712d451b000613af7d8\/download\/Zeitungsleser-Weltentdecker.pptx\">https:\/\/trello.com\/1\/cards\/635a66f4344e53006154b8fe\/attachments\/635a6712d451b000613af7d8\/download\/Zeitungsleser-Weltentdecker.pptx<\/a><\/p>\n<p><strong>PISA-Schock, Deutschland Sch\u00fcler nur mittelm\u00e4\u00dfig<\/strong><\/p>\n<p>Falls ihr noch mehr \u00fcber den PISA-Schock erfahren wollt, findet ihr hier vier Videos, die sich damit besch\u00e4ftigen.<\/p>\n<p><iframe loading=\"lazy\" title=\"PISA-STUDIE: Deutsche Sch\u00fcler*innen nur im Mittelma\u00df\" width=\"604\" height=\"340\" src=\"https:\/\/www.youtube.com\/embed\/VO6yp1Nizdg?feature=oembed\" frameborder=\"0\" allow=\"accelerometer; autoplay; clipboard-write; encrypted-media; gyroscope; picture-in-picture; web-share\" referrerpolicy=\"strict-origin-when-cross-origin\" allowfullscreen><\/iframe><\/p>\n<p><iframe loading=\"lazy\" title=\"Neue PISA-Studie: Schw\u00e4chen im Lesen und Rechnen\" width=\"604\" height=\"340\" src=\"https:\/\/www.youtube.com\/embed\/Roq-Ayr_ivY?feature=oembed\" frameborder=\"0\" allow=\"accelerometer; autoplay; clipboard-write; encrypted-media; gyroscope; picture-in-picture; web-share\" referrerpolicy=\"strict-origin-when-cross-origin\" allowfullscreen><\/iframe><\/p>\n<p><iframe loading=\"lazy\" title=\"PISA-Schock?! Macht die Politik Deutschlands Sch\u00fcler d\u00fcmmer? | Possoch kl\u00e4rt | BR24\" width=\"604\" height=\"340\" src=\"https:\/\/www.youtube.com\/embed\/gjor1daeecI?feature=oembed\" frameborder=\"0\" allow=\"accelerometer; autoplay; clipboard-write; encrypted-media; gyroscope; picture-in-picture; web-share\" referrerpolicy=\"strict-origin-when-cross-origin\" allowfullscreen><\/iframe><\/p>\n<p><iframe loading=\"lazy\" title=\"Schule der Zukunft: Lesen - Treibstoff f\u00fcr Bildung\" width=\"604\" height=\"453\" src=\"https:\/\/www.youtube.com\/embed\/Pn_MfwyGXXg?feature=oembed\" frameborder=\"0\" allow=\"accelerometer; autoplay; clipboard-write; encrypted-media; gyroscope; picture-in-picture; web-share\" referrerpolicy=\"strict-origin-when-cross-origin\" allowfullscreen><\/iframe><\/p>\n<p><strong>Ist-Zustand: Was denken Sch\u00fcler*innen \u00fcber die Themen Zeitungen, Schule und Studierende? H7 \u00e4u\u00dfert sich zu diesen Themen (2022)<\/strong><\/p>\n<p>Was denken Sch\u00fcler*innen eigentlich \u00fcber die Themen Zeitungen, Schule und Studierende? Genau diese Fragen wurden einer siebten Hauptschulklasse gestellt. Die Antworten findet ihr im Video.<\/p>\n<p><iframe loading=\"lazy\" title=\"Zeitungsleser-Weltentdecker, Einf\u00fchrung\" width=\"604\" height=\"340\" src=\"https:\/\/www.youtube.com\/embed\/4YPm_H-zh7w?feature=oembed\" frameborder=\"0\" allow=\"accelerometer; autoplay; clipboard-write; encrypted-media; gyroscope; picture-in-picture; web-share\" referrerpolicy=\"strict-origin-when-cross-origin\" allowfullscreen><\/iframe><\/p>\n<p><strong>Zeitschriften in der Schule<\/strong><\/p>\n<p><a href=\"https:\/\/zlwe.files.wordpress.com\/2011\/08\/zeitschriften-in-der-schule.pdf\">https:\/\/zlwe.files.wordpress.com\/2011\/08\/zeitschriften-in-der-schule.pdf<\/a><\/p>\n<p><strong>Silent Reading<\/strong><\/p>\n<p>Hier findet ihr unter den folgenden Links einige Informationen zum &#8222;Silent Reading&#8220;. Hinweise zu der Durchf\u00fchrung in einer Klasse findet ihr unter dem Reiter &#8222;klassische Methoden f\u00fcr den Einsatz von Zeitungen in der Schule&#8220;.<\/p>\n<p><a href=\"https:\/\/trello.com\/1\/cards\/6361521a65179205180c6dd1\/attachments\/636154141072c000d845318b\/download\/Lesen_lernt_man_nur_durch_Lesen.docx\">https:\/\/trello.com\/1\/cards\/6361521a65179205180c6dd1\/attachments\/636154141072c000d845318b\/download\/Lesen_lernt_man_nur_durch_Lesen.docx<\/a><\/p>\n<p><a href=\"https:\/\/trello.com\/1\/cards\/6361521a65179205180c6dd1\/attachments\/6361528cd3332f05ae4fc9f6\/download\/SSR.pdf\">https:\/\/trello.com\/1\/cards\/6361521a65179205180c6dd1\/attachments\/6361528cd3332f05ae4fc9f6\/download\/SSR.pdf<\/a><\/p>\n<p><a href=\"https:\/\/trello.com\/1\/cards\/6361521a65179205180c6dd1\/attachments\/63615272e7af3502ec0ded59\/download\/Mut_zum_stillen_Lesen.doc\">https:\/\/trello.com\/1\/cards\/6361521a65179205180c6dd1\/attachments\/63615272e7af3502ec0ded59\/download\/Mut_zum_stillen_Lesen.doc<\/a><\/p>\n<p><a href=\"https:\/\/trello.com\/1\/cards\/6361521a65179205180c6dd1\/attachments\/6361524770c50303d836f73c\/download\/Sustained_Silent_Reading.doc\">https:\/\/trello.com\/1\/cards\/6361521a65179205180c6dd1\/attachments\/6361524770c50303d836f73c\/download\/Sustained_Silent_Reading.doc<\/a><\/p>\n<p><strong>Feedback H7<\/strong><\/p>\n<p><a href=\"https:\/\/trello.com\/1\/cards\/639b8b0cbafbcf032165c4fd\/attachments\/639b8b0c83359c007fc0cb03\/download\/Anhang.txt\">https:\/\/trello.com\/1\/cards\/639b8b0cbafbcf032165c4fd\/attachments\/639b8b0c83359c007fc0cb03\/download\/Anhang.txt<\/a><\/p>\n","protected":false},"excerpt":{"rendered":"<p>\u201eZeitungsleser-Weltentdecker\u201c Das Projekt \u201eZeitungsleser-Weltentdecker\u201c ist ein Projekt zur Lesef\u00f6rderung in Kooperation mit der Landeszeitung L\u00fcneburg. Ausgangspunkt f\u00fcr dieses Projekt war die PISA-Studie, die seit dem Jahr 2000 alle drei Jahre durchgef\u00fchrt wird. Die PISA-Studie misst alltags- und berufsrelevante Kenntnisse und F\u00e4higkeiten von f\u00fcnfzehnj\u00e4hrigen Sch\u00fcler*innen in verschiedenen Bereichen, wie Lesen, Mathematik und Naturwissenschaften. Die ersten Ergebnisse &hellip; <a href=\"https:\/\/blog4schools.de\/zeitungsleser\/wie-kam-es-zu-diesem-projekt\/\" class=\"more-link\"><span class=\"screen-reader-text\">A) Wie kam es zu diesem Projekt? Sekund\u00e4rwissen<\/span> weiterlesen <span class=\"meta-nav\">&rarr;<\/span><\/a><\/p>\n","protected":false},"author":165,"featured_media":0,"parent":0,"menu_order":0,"comment_status":"closed","ping_status":"closed","template":"","meta":{"footnotes":""},"_links":{"self":[{"href":"https:\/\/blog4schools.de\/zeitungsleser\/wp-json\/wp\/v2\/pages\/9"}],"collection":[{"href":"https:\/\/blog4schools.de\/zeitungsleser\/wp-json\/wp\/v2\/pages"}],"about":[{"href":"https:\/\/blog4schools.de\/zeitungsleser\/wp-json\/wp\/v2\/types\/page"}],"author":[{"embeddable":true,"href":"https:\/\/blog4schools.de\/zeitungsleser\/wp-json\/wp\/v2\/users\/165"}],"replies":[{"embeddable":true,"href":"https:\/\/blog4schools.de\/zeitungsleser\/wp-json\/wp\/v2\/comments?post=9"}],"version-history":[{"count":10,"href":"https:\/\/blog4schools.de\/zeitungsleser\/wp-json\/wp\/v2\/pages\/9\/revisions"}],"predecessor-version":[{"id":101,"href":"https:\/\/blog4schools.de\/zeitungsleser\/wp-json\/wp\/v2\/pages\/9\/revisions\/101"}],"wp:attachment":[{"href":"https:\/\/blog4schools.de\/zeitungsleser\/wp-json\/wp\/v2\/media?parent=9"}],"curies":[{"name":"wp","href":"https:\/\/api.w.org\/{rel}","templated":true}]}}